{"id":2361,"date":"2021-11-05T09:05:18","date_gmt":"2021-11-05T09:05:18","guid":{"rendered":"https:\/\/jardinmagnolia.pt\/home-2\/"},"modified":"2024-03-26T09:31:19","modified_gmt":"2024-03-26T09:31:19","slug":"home-2","status":"publish","type":"page","link":"https:\/\/jardinmagnolia.pt\/en\/","title":{"rendered":"Home"},"content":{"rendered":"<p><img decoding=\"async\" src=\"\/wp-content\/uploads\/2021\/07\/LogoJardIn.svg\" alt=\"\"><\/p>\n<div>\n<p>Food, Drinks &amp; Green Vibes<\/p>\n<\/div>\n<h2>\n<p>A<br \/>Nossa<br \/><strong>Hist\u00f3ria<\/strong><\/p>\n<\/h2>\n<div>\n<p>Com origem na primeira metade do s\u00e9c. XIX, a Quinta Magn\u00f3lia \u00e9 um local hist\u00f3rico com jardins amplos que se estendem at\u00e9 onde os olhos conseguem ver. Apesar de ter estado na posse de v\u00e1rias identidades, maioritariamente brit\u00e2nicas, o seu jardim foi sempre o ponto de interesse em comum, tendo sido preservado e alargado ao longo dos anos com uma magn\u00edfica cole\u00e7\u00e3o de plantas e \u00e1rvores.<\/p>\n<p>Os mais de 35.000 m2 de terreno s\u00e3o preenchidos por \u00e1rvores oriundas do Extremo Oriente, M\u00e9xico, Brasil, EUA e \u00c1frica, abra\u00e7ando uma vasta flora ex\u00f3tica na qual se encontra a Magn\u00f3lia, uma \u00e1rvore imponente, c\u00e9lebre pelas suas grandes flores brancas que emanam um cheiro c\u00edtrico singular que d\u00e1 o nome \u00e0 Quinta e ao nosso Restaurante.\u2028 Localizado no Funchal, mas com influ\u00eancias bot\u00e2nicas vindas de todo o mundo, o Jard.in Magn\u00f3lia \u00e9 um ponto emblem\u00e1tico com uma das hist\u00f3rias mais ricas da regi\u00e3o.<\/p>\n<\/div>\n<p><img decoding=\"async\" src=\"\/wp-content\/uploads\/2021\/07\/small_logo.svg\" alt=\"\"><\/p>\n<h2>Identidade<\/h2>\n<div>\n<p>O Jard.in Magn\u00f3lia assume-se como um local que pretende homenagear as verdadeiras experi\u00eancias gastron\u00f3micas da Madeira. Rodeado de amplos espa\u00e7os verdes, o restaurante est\u00e1 dispon\u00edvel para o receber a qualquer altura do dia, presenteando-o com as op\u00e7\u00f5es mais saud\u00e1veis e variadas, at\u00e9 jantares de autor onde os sabores locais e internacionais se fundem. Viva uma experi\u00eancia gastron\u00f3mica \u00fanica num dos espa\u00e7os de refer\u00eancia da regi\u00e3o aut\u00f3noma da Madeira.<\/p>\n<\/div>\n<h2>Um local emblem\u00e1tico<\/h2>\n<div>\n<p>Cercado por plantas ex\u00f3ticas e com fortes influ\u00eancias do seu passado como British Country Club, o Jard.in Magn\u00f3lia \u00e9 um local requintado, conhecido pelo seu dinamismo na organiza\u00e7\u00e3o de eventos, tanto privados como p\u00fablicos, de m\u00e9dia a grande dimens\u00e3o. Quando o clima tropical madeirense apela \u00e0 pr\u00e1tica de desporto, pode contar com os v\u00e1rios campos de padel e t\u00e9nis inseridos na Quinta, rodeados pelo nosso bar de apoio, ideal para se refrescar e retemperar for\u00e7as.<\/p>\n<\/div>\n<h2>O Restaurante<\/h2>\n<div>\n<p>        <img decoding=\"async\" src=\"\/wp-content\/uploads\/2021\/07\/home_topleft_new.jpg\" alt=\"\"><\/p>\n<\/div>\n<div>\n<p>        <img decoding=\"async\" src=\"\/wp-content\/uploads\/2021\/07\/home_topright.jpg\" alt=\"\"><\/p>\n<\/div>\n<div>\n<p>        <img decoding=\"async\" src=\"\/wp-content\/uploads\/2021\/07\/home_bottomleft.jpg\" alt=\"\"><\/p>\n<\/div>\n<div>\n<p>        <img decoding=\"async\" src=\"\/wp-content\/uploads\/2021\/07\/home_bottomright.jpg\" alt=\"\"><\/p>\n<\/div>\n<p>\n    <a href=\"https:\/\/jardinmagnolia.pt\/en\/portfolio\/\">PORTF\u00d3LIO<\/a>\n<\/p>\n<p><!--more--><br \/>\n<!-- {\"name\":\"Home\",\"type\":\"layout\",\"children\":[{\"type\":\"section\",\"props\":{\"style\":\"default\",\"width\":\"default\",\"vertical_align\":\"middle\",\"title_position\":\"top-left\",\"title_rotation\":\"left\",\"title_breakpoint\":\"xl\",\"image_position\":\"top-center\",\"image\":\"wp-content\\\/uploads\\\/2021\\\/07\\\/dsc_4199-min-scaled-e1627313613437.jpg\",\"height\":\"percent\",\"css\":\".el-section > [class*='uk-background-'] { \\n    min-height: 65vh !important;\\n    padding-bottom: 0px;\\n}\\n\\n@media (max-width: 640px) {\\n \\t.el-section .uk-section {\\n     \\t   padding-top: 20px !important;\\n    }\\n}\\n\\n\",\"padding_remove_top\":true,\"image_size\":\"cover\",\"padding_remove_bottom\":false,\"media_overlay\":\"rgba(0, 0, 0, 0.38)\",\"media_blend_mode\":\"darken\"},\"children\":[{\"type\":\"row\",\"children\":[{\"type\":\"column\",\"props\":{\"image_position\":\"center-center\",\"media_overlay_gradient\":\"\",\"image\":\"\",\"image_size\":\"height-1-1\",\"css\":\" .el-column {\\n     height: 472px;    \\n     max-width: 520px;\\n     margin-left: auto;\\n     margin-right: auto;\\n}\\n\\n.el-column .uk-tile {\\n    padding-left: 20px;   \\n    padding-right: 20px;\\n}\\n\\n@media (max-width: 640px) {\\n  \\t.el-column {\\n         height: 272px;    \\n    }   \\n}\",\"padding\":\"small\",\"vertical_align\":\"middle\"},\"children\":[{\"type\":\"image\",\"props\":{\"margin\":\"small\",\"image_svg_color\":\"emphasis\",\"image\":\"wp-content\\\/uploads\\\/2021\\\/07\\\/LogoJardIn.svg\",\"text_align\":\"center\",\"image_width\":\"500\",\"css\":\"@media (max-width: 640px) {\\n \\t.el-image {\\n     \\twidth: 280px;   \\n    }\\n}\"}},{\"type\":\"text\",\"props\":{\"margin\":\"default\",\"column_breakpoint\":\"m\",\"content\":\"\n\n<p>Food, Drinks &amp; Green Vibes<\\\/p>\",\"text_align\":\"center\",\"text_color\":\"secondary\",\"css\":\".el-element {\\n    line-height: 1.2;\\n    font-size: 20px;\\n    font-weight: 500;\\n    text-transform: uppercase;\\n}\",\"margin_remove_top\":false}}]}],\"props\":{\"margin_remove_top\":true}}]},{\"name\":\"About\",\"type\":\"section\",\"props\":{\"style\":\"default\",\"width\":\"default\",\"image_position\":\"top-left\",\"padding\":\"large\",\"animation\":\"fade\",\"animation_delay\":false,\"image\":\"wp-content\\\/uploads\\\/2021\\\/07\\\/background_historia.svg\",\"vertical_align\":\"middle\",\"title_position\":\"top-left\",\"title_rotation\":\"left\",\"title_breakpoint\":\"xl\"},\"children\":[{\"name\":\"\",\"type\":\"row\",\"props\":{\"layout\":\"1-2,1-2\",\"column_gap\":\"large\",\"row_gap\":\"large\"},\"children\":[{\"name\":\"\",\"type\":\"column\",\"props\":{\"image_position\":\"center-center\",\"media_overlay_gradient\":\"\",\"width_medium\":\"1-2\",\"vertical_align\":\"middle\"},\"children\":[{\"name\":\"\",\"type\":\"headline\",\"props\":{\"title_element\":\"h2\",\"content\":\"\n\n<p>A<br \\\/>Nossa<br \\\/><strong>Hist\\u00f3ria<\\\/strong><\\\/p>\",\"title_style\":\"h1\",\"maxwidth\":\"2xlarge\",\"css\":\"@media (min-width: 960px) {\\n \\t.el-element {\\n        width: 200px;\\n        margin-left: auto;   \\n        margin-right: 30px;\\n    }   \\n}\"}}]},{\"name\":\"\",\"type\":\"column\",\"props\":{\"image_position\":\"center-center\",\"media_overlay_gradient\":\"\",\"width_medium\":\"1-2\"},\"children\":[{\"name\":\"\",\"type\":\"text\",\"props\":{\"column_breakpoint\":\"m\",\"margin\":\"medium\",\"content\":\"\n\n<p>Com origem na primeira metade do s\\u00e9c. XIX, a Quinta Magn\\u00f3lia \\u00e9 um local hist\\u00f3rico com jardins amplos que se estendem at\\u00e9 onde os olhos conseguem ver. Apesar de ter estado na posse de v\\u00e1rias identidades, maioritariamente brit\\u00e2nicas, o seu jardim foi sempre o ponto de interesse em comum, tendo sido preservado e alargado ao longo dos anos com uma magn\\u00edfica cole\\u00e7\\u00e3o de plantas e \\u00e1rvores.<\\\/p>\\n\n\n<p>Os mais de 35.000 m2 de terreno s\\u00e3o preenchidos por \\u00e1rvores oriundas do Extremo Oriente, M\\u00e9xico, Brasil, EUA e \\u00c1frica, abra\\u00e7ando uma vasta flora ex\\u00f3tica na qual se encontra a Magn\\u00f3lia, uma \\u00e1rvore imponente, c\\u00e9lebre pelas suas grandes flores brancas que emanam um cheiro c\\u00edtrico singular que d\\u00e1 o nome \\u00e0 Quinta e ao nosso Restaurante.\\u2028 Localizado no Funchal, mas com influ\\u00eancias bot\\u00e2nicas vindas de todo o mundo, o Jard.in Magn\\u00f3lia \\u00e9 um ponto emblem\\u00e1tico com uma das hist\\u00f3rias mais ricas da regi\\u00e3o.<\\\/p>\"}}]}]}]},{\"name\":\"Image\",\"type\":\"section\",\"props\":{\"style\":\"default\",\"width\":\"default\",\"image_position\":\"center-center\",\"image_size\":\"cover\",\"image_fixed\":true,\"css\":\".el-section > [class*='uk-background-'] { min-height: 70vh; }\",\"vertical_align\":\"middle\",\"title_position\":\"top-left\",\"title_rotation\":\"left\",\"title_breakpoint\":\"xl\",\"image_effect\":\"fixed\",\"image\":\"wp-content\\\/uploads\\\/2021\\\/07\\\/Home1.jpg\"},\"children\":[{\"name\":\"\",\"type\":\"row\",\"children\":[{\"name\":\"\",\"type\":\"column\",\"props\":{\"image_position\":\"center-center\",\"media_overlay_gradient\":\"\",\"width_medium\":\"1-1\"}}]}]},{\"type\":\"section\",\"props\":{\"style\":\"default\",\"width\":\"default\",\"vertical_align\":\"middle\",\"title_position\":\"top-left\",\"title_rotation\":\"left\",\"title_breakpoint\":\"xl\",\"image_position\":\"center-center\",\"image\":\"wp-content\\\/uploads\\\/2021\\\/07\\\/background_ident.svg\",\"css\":\".el-section {\\n \\tbackground-color: #F5F4F3;   \\n}\"},\"children\":[{\"type\":\"row\",\"props\":{\"layout\":\"1-2,1-2\"},\"children\":[{\"type\":\"column\",\"props\":{\"image_position\":\"center-center\",\"media_overlay_gradient\":\"\",\"width_medium\":\"1-2\"},\"children\":[{\"type\":\"image\",\"props\":{\"margin\":\"default\",\"image_svg_color\":\"emphasis\",\"image\":\"wp-content\\\/uploads\\\/2021\\\/07\\\/small_logo.svg\",\"image_width\":\"60\"}},{\"type\":\"headline\",\"props\":{\"title_element\":\"h2\",\"content\":\"Identidade\",\"css\":\".el-element {\\n \\tcolor: #354033;\\n    font-weight: bold;\\n    font-size: 35px;\\n}\"}},{\"type\":\"text\",\"props\":{\"margin\":\"default\",\"column_breakpoint\":\"m\",\"content\":\"\n\n<p>O Jard.in Magn\\u00f3lia assume-se como um local que pretende homenagear as verdadeiras experi\\u00eancias gastron\\u00f3micas da Madeira. Rodeado de amplos espa\\u00e7os verdes, o restaurante est\\u00e1 dispon\\u00edvel para o receber a qualquer altura do dia, presenteando-o com as op\\u00e7\\u00f5es mais saud\\u00e1veis e variadas, at\\u00e9 jantares de autor onde os sabores locais e internacionais se fundem. Viva uma experi\\u00eancia gastron\\u00f3mica \\u00fanica num dos espa\\u00e7os de refer\\u00eancia da regi\\u00e3o aut\\u00f3noma da Madeira.<\\\/p>\",\"css\":\".el-element p {\\n \\tcolor: #354033;\\n    line-height: 1.4;\\n}\"}}]},{\"type\":\"column\",\"props\":{\"image_position\":\"center-center\",\"media_overlay_gradient\":\"\",\"width_medium\":\"1-2\"},\"children\":[{\"type\":\"headline\",\"props\":{\"title_element\":\"h2\",\"content\":\"Um local emblem\\u00e1tico\",\"css\":\".el-element {\\n \\tcolor: #354033;\\n    font-weight: bold;\\n    font-size: 35px;\\n    margin-top: calc(35px + 65px);\\n}\"}},{\"type\":\"text\",\"props\":{\"margin\":\"default\",\"column_breakpoint\":\"m\",\"content\":\"\n\n<p>Cercado por plantas ex\\u00f3ticas e com fortes influ\\u00eancias do seu passado como British Country Club, o Jard.in Magn\\u00f3lia \\u00e9 um local requintado, conhecido pelo seu dinamismo na organiza\\u00e7\\u00e3o de eventos, tanto privados como p\\u00fablicos, de m\\u00e9dia a grande dimens\\u00e3o. Quando o clima tropical madeirense apela \\u00e0 pr\\u00e1tica de desporto, pode contar com os v\\u00e1rios campos de padel e t\\u00e9nis inseridos na Quinta, rodeados pelo nosso bar de apoio, ideal para se refrescar e retemperar for\\u00e7as.<\\\/p>\",\"css\":\".el-element p {\\n \\tcolor: #354033;\\n    line-height: 1.4;\\n}\"}}]}]}]},{\"name\":\"Image\",\"type\":\"section\",\"props\":{\"style\":\"default\",\"width\":\"default\",\"image_position\":\"center-center\",\"image\":\"wp-content\\\/uploads\\\/2021\\\/07\\\/Home2new.jpg\",\"image_size\":\"cover\",\"image_fixed\":true,\"css\":\".el-section > [class*='uk-background-'] { min-height: 60vh; }\",\"vertical_align\":\"middle\",\"title_position\":\"top-left\",\"title_rotation\":\"left\",\"title_breakpoint\":\"xl\"},\"children\":[{\"name\":\"\",\"type\":\"row\",\"children\":[{\"name\":\"\",\"type\":\"column\",\"props\":{\"image_position\":\"center-center\",\"media_overlay_gradient\":\"\",\"width_medium\":\"1-1\"}}]}]},{\"name\":\"Restaurant gallery\",\"type\":\"section\",\"props\":{\"style\":\"muted\",\"width\":\"small\",\"image_position\":\"top-center\",\"padding\":\"small\",\"animation\":\"fade\",\"image\":\"\",\"image_size\":\"contain\",\"image_fixed\":false,\"vertical_align\":\"middle\",\"title_position\":\"top-left\",\"title_rotation\":\"left\",\"title_breakpoint\":\"xl\",\"css\":\".el-section {\\n \\tbackground-color: #F5F4F3;   \\n}\"},\"children\":[{\"name\":\"\",\"type\":\"row\",\"props\":{\"margin\":\"large\"},\"children\":[{\"name\":\"\",\"type\":\"column\",\"props\":{\"image_position\":\"center-center\",\"media_overlay_gradient\":\"\",\"width_medium\":\"1-1\"},\"children\":[{\"name\":\"\",\"type\":\"headline\",\"props\":{\"title_element\":\"h2\",\"content\":\"O Restaurante\",\"text_align\":\"center\",\"css\":\".el-element {\\n \\tcolor: #354033;\\n    font-weight: bold;\\n    font-size: 35px;\\n    margin-top: 60px;\\n}\"}}]}]},{\"name\":\"\",\"type\":\"row\",\"props\":{\"layout\":\"1-2,1-2\",\"column_gap\":\"small\",\"row_gap\":\"small\"},\"children\":[{\"name\":\"\",\"type\":\"column\",\"props\":{\"image_position\":\"center-center\",\"media_overlay_gradient\":\"\",\"width_small\":\"1-2\",\"css\":\"@media (min-width: 640px) {\\n\\t.el-column {\\n        width: 40%;   \\n    }    \\n}\\n\"},\"children\":[{\"name\":\"\",\"type\":\"overlay\",\"props\":{\"overlay_mode\":\"cover\",\"overlay_style\":\"\",\"overlay_position\":\"center\",\"overlay_transition\":\"fade\",\"title_element\":\"h3\",\"meta_style\":\"meta\",\"meta_align\":\"below-title\",\"margin\":\"remove-vertical\",\"image\":\"wp-content\\\/uploads\\\/2021\\\/07\\\/home_topleft_new.jpg\",\"overlay_hover\":true,\"image_width\":\"610\",\"text_color\":\"\",\"text_align\":\"center\",\"title\":\"\",\"link\":\"\",\"title_style\":\"h4\",\"overlay_image\":null,\"link_text\":\"\",\"link_style\":\"default\",\"overlay_link\":true,\"title_hover_style\":\"reset\",\"meta_element\":\"div\",\"image_transition\":\"scale-up\",\"image_min_height\":\"360\"}}]},{\"name\":\"\",\"type\":\"column\",\"props\":{\"image_position\":\"center-center\",\"media_overlay_gradient\":\"\",\"width_small\":\"1-2\",\"css\":\"@media (min-width: 640px) {\\n\\t.el-column {\\n        width: 47%;   \\n    }    \\n}\"},\"children\":[{\"name\":\"\",\"type\":\"overlay\",\"props\":{\"overlay_mode\":\"cover\",\"overlay_style\":\"\",\"overlay_position\":\"center\",\"overlay_transition\":\"fade\",\"title_element\":\"h3\",\"meta_style\":\"meta\",\"meta_align\":\"below-title\",\"margin\":\"remove-vertical\",\"image\":\"wp-content\\\/uploads\\\/2021\\\/07\\\/home_topright.jpg\",\"overlay_hover\":true,\"text_color\":\"\",\"text_align\":\"center\",\"title\":\"\",\"link\":\"\",\"image_width\":\"610\",\"title_style\":\"h4\",\"overlay_image\":null,\"link_text\":\"\",\"link_style\":\"default\",\"overlay_link\":true,\"title_hover_style\":\"reset\",\"meta_element\":\"div\",\"image_min_height\":\"360\",\"image_transition\":\"scale-up\"}}]}]},{\"name\":\"\",\"type\":\"row\",\"props\":{\"layout\":\"2-3,1-3\",\"match\":true,\"column_gap\":\"small\",\"row_gap\":\"small\"},\"children\":[{\"name\":\"\",\"type\":\"column\",\"props\":{\"image_position\":\"center-center\",\"media_overlay_gradient\":\"\",\"width_small\":\"2-3\",\"css\":\".el-column {\\n \\twidth: 40%;   \\n}\"},\"children\":[{\"name\":\"\",\"type\":\"overlay\",\"props\":{\"overlay_mode\":\"cover\",\"overlay_style\":\"\",\"overlay_position\":\"center\",\"overlay_transition\":\"fade\",\"title_element\":\"h3\",\"meta_style\":\"meta\",\"meta_align\":\"below-title\",\"margin\":\"remove-vertical\",\"image\":\"wp-content\\\/uploads\\\/2021\\\/07\\\/home_bottomleft.jpg\",\"overlay_hover\":true,\"image_width\":\"610\",\"text_color\":\"\",\"text_align\":\"center\",\"title\":\"\",\"link\":\"\",\"title_style\":\"h4\",\"overlay_image\":null,\"link_text\":\"\",\"link_style\":\"default\",\"overlay_link\":true,\"title_hover_style\":\"reset\",\"meta_element\":\"div\",\"image_transition\":\"scale-up\"}}]},{\"name\":\"\",\"type\":\"column\",\"props\":{\"image_position\":\"center-center\",\"media_overlay_gradient\":\"\",\"width_small\":\"1-3\"},\"children\":[{\"name\":\"\",\"type\":\"overlay\",\"props\":{\"overlay_mode\":\"cover\",\"overlay_style\":\"\",\"overlay_position\":\"center\",\"overlay_transition\":\"fade\",\"title_element\":\"h3\",\"meta_style\":\"meta\",\"meta_align\":\"below-title\",\"margin\":\"remove-vertical\",\"image\":\"wp-content\\\/uploads\\\/2021\\\/07\\\/home_bottomright.jpg\",\"overlay_hover\":true,\"text_color\":\"\",\"text_align\":\"center\",\"title\":\"\",\"link\":\"\",\"title_style\":\"h4\",\"overlay_image\":null,\"link_text\":\"\",\"link_style\":\"default\",\"overlay_link\":true,\"title_hover_style\":\"reset\",\"meta_element\":\"div\",\"image_transition\":\"scale-up\"}}]}]},{\"name\":\"\",\"type\":\"row\",\"props\":{\"margin\":\"large\"},\"children\":[{\"name\":\"\",\"type\":\"column\",\"props\":{\"image_position\":\"center-center\",\"media_overlay_gradient\":\"\",\"width_medium\":\"1-1\"},\"children\":[{\"name\":\"\",\"type\":\"button\",\"props\":{\"margin\":\"medium\",\"text_align\":\"center\",\"grid_column_gap\":\"small\",\"grid_row_gap\":\"small\"},\"children\":[{\"name\":\"\",\"type\":\"button_item\",\"props\":{\"button_style\":\"default\",\"icon_align\":\"right\",\"content\":\"PORTF\\u00d3LIO\",\"icon\":\"arrow-right\",\"link\":\"portfolio\\\/\"}}]}]}]}]}],\"version\":\"2.5.1\"} --><\/p>\n","protected":false},"excerpt":{"rendered":"<p>Food, Drinks &amp; Green Vibes ANossaHist\u00f3ria Com origem na primeira metade do s\u00e9c. XIX, a Quinta Magn\u00f3lia \u00e9 um local hist\u00f3rico com jardins amplos que se estendem at\u00e9 onde os olhos conseguem ver. Apesar de ter estado na posse de v\u00e1rias identidades, maioritariamente brit\u00e2nicas, o seu jardim foi sempre o ponto de interesse em comum, [&hellip;]<\/p>\n","protected":false},"author":10,"featured_media":0,"parent":0,"menu_order":0,"comment_status":"closed","ping_status":"closed","template":"","meta":{"_acf_changed":false,"footnotes":""},"class_list":["post-2361","page","type-page","status-publish","hentry"],"acf":[],"yoast_head":"<!-- This site is optimized with the Yoast SEO plugin v27.5 - https:\/\/yoast.com\/product\/yoast-seo-wordpress\/ -->\n<title>Home - Jard.in Magn\u00f3lia<\/title>\n<meta name=\"robots\" content=\"index, follow, max-snippet:-1, max-image-preview:large, max-video-preview:-1\" \/>\n<link rel=\"canonical\" href=\"https:\/\/jardinmagnolia.pt\/en\/\" \/>\n<meta property=\"og:locale\" content=\"en_US\" \/>\n<meta property=\"og:type\" content=\"article\" \/>\n<meta property=\"og:title\" content=\"Home - Jard.in Magn\u00f3lia\" \/>\n<meta property=\"og:description\" content=\"Food, Drinks &amp; Green Vibes ANossaHist\u00f3ria Com origem na primeira metade do s\u00e9c. XIX, a Quinta Magn\u00f3lia \u00e9 um local hist\u00f3rico com jardins amplos que se estendem at\u00e9 onde os olhos conseguem ver. Apesar de ter estado na posse de v\u00e1rias identidades, maioritariamente brit\u00e2nicas, o seu jardim foi sempre o ponto de interesse em comum, [&hellip;]\" \/>\n<meta property=\"og:url\" content=\"https:\/\/jardinmagnolia.pt\/en\/\" \/>\n<meta property=\"og:site_name\" content=\"Jard.in Magn\u00f3lia\" \/>\n<meta property=\"article:modified_time\" content=\"2024-03-26T09:31:19+00:00\" \/>\n<meta name=\"twitter:card\" content=\"summary_large_image\" \/>\n<meta name=\"twitter:label1\" content=\"Est. reading time\" \/>\n\t<meta name=\"twitter:data1\" content=\"2 minutes\" \/>\n<script type=\"application\/ld+json\" class=\"yoast-schema-graph\">{\"@context\":\"https:\\\/\\\/schema.org\",\"@graph\":[{\"@type\":\"WebPage\",\"@id\":\"https:\\\/\\\/jardinmagnolia.pt\\\/en\\\/\",\"url\":\"https:\\\/\\\/jardinmagnolia.pt\\\/en\\\/\",\"name\":\"Home - Jard.in Magn\u00f3lia\",\"isPartOf\":{\"@id\":\"https:\\\/\\\/jardinmagnolia.pt\\\/#website\"},\"datePublished\":\"2021-11-05T09:05:18+00:00\",\"dateModified\":\"2024-03-26T09:31:19+00:00\",\"breadcrumb\":{\"@id\":\"https:\\\/\\\/jardinmagnolia.pt\\\/en\\\/#breadcrumb\"},\"inLanguage\":\"en-US\",\"potentialAction\":[{\"@type\":\"ReadAction\",\"target\":[\"https:\\\/\\\/jardinmagnolia.pt\\\/en\\\/\"]}]},{\"@type\":\"BreadcrumbList\",\"@id\":\"https:\\\/\\\/jardinmagnolia.pt\\\/en\\\/#breadcrumb\",\"itemListElement\":[{\"@type\":\"ListItem\",\"position\":1,\"name\":\"Home\",\"item\":\"https:\\\/\\\/jardinmagnolia.pt\\\/en\\\/\"},{\"@type\":\"ListItem\",\"position\":2,\"name\":\"Home\"}]},{\"@type\":\"WebSite\",\"@id\":\"https:\\\/\\\/jardinmagnolia.pt\\\/#website\",\"url\":\"https:\\\/\\\/jardinmagnolia.pt\\\/\",\"name\":\"Jard.in Magn\u00f3lia\",\"description\":\"\",\"potentialAction\":[{\"@type\":\"SearchAction\",\"target\":{\"@type\":\"EntryPoint\",\"urlTemplate\":\"https:\\\/\\\/jardinmagnolia.pt\\\/?s={search_term_string}\"},\"query-input\":{\"@type\":\"PropertyValueSpecification\",\"valueRequired\":true,\"valueName\":\"search_term_string\"}}],\"inLanguage\":\"en-US\"}]}<\/script>\n<!-- \/ Yoast SEO plugin. -->","yoast_head_json":{"title":"Home - Jard.in Magn\u00f3lia","robots":{"index":"index","follow":"follow","max-snippet":"max-snippet:-1","max-image-preview":"max-image-preview:large","max-video-preview":"max-video-preview:-1"},"canonical":"https:\/\/jardinmagnolia.pt\/en\/","og_locale":"en_US","og_type":"article","og_title":"Home - Jard.in Magn\u00f3lia","og_description":"Food, Drinks &amp; Green Vibes ANossaHist\u00f3ria Com origem na primeira metade do s\u00e9c. XIX, a Quinta Magn\u00f3lia \u00e9 um local hist\u00f3rico com jardins amplos que se estendem at\u00e9 onde os olhos conseguem ver. Apesar de ter estado na posse de v\u00e1rias identidades, maioritariamente brit\u00e2nicas, o seu jardim foi sempre o ponto de interesse em comum, [&hellip;]","og_url":"https:\/\/jardinmagnolia.pt\/en\/","og_site_name":"Jard.in Magn\u00f3lia","article_modified_time":"2024-03-26T09:31:19+00:00","twitter_card":"summary_large_image","twitter_misc":{"Est. reading time":"2 minutes"},"schema":{"@context":"https:\/\/schema.org","@graph":[{"@type":"WebPage","@id":"https:\/\/jardinmagnolia.pt\/en\/","url":"https:\/\/jardinmagnolia.pt\/en\/","name":"Home - Jard.in Magn\u00f3lia","isPartOf":{"@id":"https:\/\/jardinmagnolia.pt\/#website"},"datePublished":"2021-11-05T09:05:18+00:00","dateModified":"2024-03-26T09:31:19+00:00","breadcrumb":{"@id":"https:\/\/jardinmagnolia.pt\/en\/#breadcrumb"},"inLanguage":"en-US","potentialAction":[{"@type":"ReadAction","target":["https:\/\/jardinmagnolia.pt\/en\/"]}]},{"@type":"BreadcrumbList","@id":"https:\/\/jardinmagnolia.pt\/en\/#breadcrumb","itemListElement":[{"@type":"ListItem","position":1,"name":"Home","item":"https:\/\/jardinmagnolia.pt\/en\/"},{"@type":"ListItem","position":2,"name":"Home"}]},{"@type":"WebSite","@id":"https:\/\/jardinmagnolia.pt\/#website","url":"https:\/\/jardinmagnolia.pt\/","name":"Jard.in Magn\u00f3lia","description":"","potentialAction":[{"@type":"SearchAction","target":{"@type":"EntryPoint","urlTemplate":"https:\/\/jardinmagnolia.pt\/?s={search_term_string}"},"query-input":{"@type":"PropertyValueSpecification","valueRequired":true,"valueName":"search_term_string"}}],"inLanguage":"en-US"}]}},"_links":{"self":[{"href":"https:\/\/jardinmagnolia.pt\/en\/wp-json\/wp\/v2\/pages\/2361","targetHints":{"allow":["GET"]}}],"collection":[{"href":"https:\/\/jardinmagnolia.pt\/en\/wp-json\/wp\/v2\/pages"}],"about":[{"href":"https:\/\/jardinmagnolia.pt\/en\/wp-json\/wp\/v2\/types\/page"}],"author":[{"embeddable":true,"href":"https:\/\/jardinmagnolia.pt\/en\/wp-json\/wp\/v2\/users\/10"}],"replies":[{"embeddable":true,"href":"https:\/\/jardinmagnolia.pt\/en\/wp-json\/wp\/v2\/comments?post=2361"}],"version-history":[{"count":20,"href":"https:\/\/jardinmagnolia.pt\/en\/wp-json\/wp\/v2\/pages\/2361\/revisions"}],"predecessor-version":[{"id":4822,"href":"https:\/\/jardinmagnolia.pt\/en\/wp-json\/wp\/v2\/pages\/2361\/revisions\/4822"}],"wp:attachment":[{"href":"https:\/\/jardinmagnolia.pt\/en\/wp-json\/wp\/v2\/media?parent=2361"}],"curies":[{"name":"wp","href":"https:\/\/api.w.org\/{rel}","templated":true}]}}