{"id":2368,"date":"2021-07-02T11:41:30","date_gmt":"2021-07-02T11:41:30","guid":{"rendered":"https:\/\/jardinmagnolia.pt\/historia\/"},"modified":"2021-11-05T10:20:26","modified_gmt":"2021-11-05T10:20:26","slug":"historia","status":"publish","type":"page","link":"https:\/\/jardinmagnolia.pt\/en\/historia\/","title":{"rendered":"History"},"content":{"rendered":"<h2>History<\/h2>\n<div>\n<p>Originated in the first half of the 19th century, Quinta Magn\u00f3lia is a historic place with large gardens that extend as far as the eye can see. Despite having been in possession of several identities, mostly British, its garden has always been the a common point of interest, having been preserved and enlarged over the years with a magnificent collection of plants and trees.<\/p>\n<p>The more than 35,000 m2 of land is filled with trees from the Far East, Mexico, Brazil, USA and Africa, embracing a vast exotic flora in which the Magnolia is found, an imposing tree, famous for its large white flowers that emanate a scent unique citrus that gives the name to the Quinta and our Restaurant. Located in Funchal, but with botanical influences from all over the world, Jard.in Magn\u00f3lia is an emblematic point with one of the richest histories in the region.<\/p>\n<\/div>\n<h2>\n<p>Identity<\/p>\n<\/h2>\n<div>\n<p>Jard.in Magn\u00f3lia assumes itself as a place that intends to pay homage to the true gastronomic experiences of Madeira.<br \/>\nSurrounded by large green spaces, the restaurant is available to welcome you at any time of the day, offering you exquisite breakfasts and brunches with the healthiest and most varied options, to unique signature dinners where local and international flavors come together. merge.<br \/>\nEnjoy your meal in one of the reference spaces in the autonomous region of Madeira.<\/p>\n<\/div>\n<h2>An iconic place<\/h2>\n<div>\n<p>Surrounded by exotic plants and strongly influenced by its past as a British Country Club, Jard.in Magn\u00f3lia is an exquisite place, known for its dynamism in organizing events, both private and public, of medium to large size. When Madeira&#8217;s tropical climate calls for the practice of sports, you can count on the various paddle tennis and tennis courts located in the Quinta, surrounded by our support bar, ideal for cooling off and regaining strength.<\/p>\n<\/div>\n<p><!--more--><br \/>\n<!-- {\"type\":\"layout\",\"children\":[{\"type\":\"section\",\"props\":{\"style\":\"default\",\"width\":\"\",\"vertical_align\":\"middle\",\"title_position\":\"top-left\",\"title_rotation\":\"left\",\"title_breakpoint\":\"xl\",\"image_position\":\"center-center\",\"image\":\"\",\"height\":\"percent\",\"padding\":\"none\"},\"children\":[{\"type\":\"row\",\"children\":[{\"type\":\"column\",\"props\":{\"image_position\":\"center-center\",\"media_overlay_gradient\":\"\",\"image\":\"wp-content\\\/uploads\\\/2021\\\/07\\\/img_0636-min-scaled-e1627312367173.jpg\",\"vertical_align\":\"middle\",\"image_size\":\"cover\",\"css\":\".el-column > [class*='uk-background-'] { \\n    min-height: 65vh !important;\\n}\"},\"children\":[{\"type\":\"headline\",\"props\":{\"title_element\":\"h2\",\"title_color\":\"secondary\",\"content\":\"History\",\"title_style\":\"heading-medium\",\"text_align\":\"center\",\"css\":\".el-element {\\n \\ttext-shadow: 0px 3px 6px #000000A7;  \\n}\"}}]}],\"props\":{\"height\":\"percent\"}},{\"type\":\"row\",\"children\":[{\"type\":\"column\",\"props\":{\"image_position\":\"top-left\",\"media_overlay_gradient\":\"\",\"image\":\"wp-content\\\/uploads\\\/2021\\\/07\\\/background_historia.svg\",\"vertical_align\":\"middle\",\"css\":\"@media(max-width: 960px) {\\n     .el-column [class*='uk-background-'] {\\n            background-image: linear-gradient(rgba(255,255,255,0.8), rgba(255,255,255,.8)), url(\\\/wp-content\\\/uploads\\\/2021\\\/07\\\/background_historia.svg) !important;\\n        background-repeat: no-repeat;\\n    }   \\n}\"},\"children\":[{\"type\":\"text\",\"props\":{\"margin\":\"remove-vertical\",\"column_breakpoint\":\"m\",\"content\":\"\n\n<p>Originated in the first half of the 19th century, Quinta Magn\\u00f3lia is a historic place with large gardens that extend as far as the eye can see. Despite having been in possession of several identities, mostly British, its garden has always been the a common point of interest, having been preserved and enlarged over the years with a magnificent collection of plants and trees.<\\\/p>\\n\n\n<p>The more than 35,000 m2 of land is filled with trees from the Far East, Mexico, Brazil, USA and Africa, embracing a vast exotic flora in which the Magnolia is found, an imposing tree, famous for its large white flowers that emanate a scent unique citrus that gives the name to the Quinta and our Restaurant. Located in Funchal, but with botanical influences from all over the world, Jard.in Magn\\u00f3lia is an emblematic point with one of the richest histories in the region.<\\\/p>\",\"text_align\":\"center\",\"maxwidth\":\"xlarge\",\"block_align\":\"center\",\"css\":\".el-element {\\n \\tfont-size: 18px;   \\n}\"}}]}],\"props\":{\"margin\":\"remove-vertical\"}}],\"modified\":\"2021-07-05T09:52:10.154Z\",\"name\":\"main section\"},{\"type\":\"section\",\"props\":{\"style\":\"default\",\"width\":\"\",\"vertical_align\":\"middle\",\"title_position\":\"top-left\",\"title_rotation\":\"left\",\"title_breakpoint\":\"xl\",\"image_position\":\"center-center\",\"image\":\"\",\"height\":\"percent\",\"padding\":\"none\"},\"children\":[{\"type\":\"row\",\"children\":[{\"type\":\"column\",\"props\":{\"image_position\":\"center-center\",\"media_overlay_gradient\":\"\",\"image\":\"wp-content\\\/uploads\\\/2021\\\/07\\\/restaurante_premium-min.png\",\"vertical_align\":\"middle\",\"image_size\":\"cover\"},\"children\":[{\"type\":\"headline\",\"props\":{\"title_element\":\"h2\",\"title_color\":\"secondary\",\"content\":\"\n\n<p>Identity<\\\/p>\",\"title_style\":\"heading-medium\",\"text_align\":\"center\",\"css\":\".el-element {\\n \\ttext-shadow: 0px 3px 6px #000000A7;  \\n}\"}}]}],\"props\":{\"height\":\"percent\"}},{\"type\":\"row\",\"children\":[{\"type\":\"column\",\"props\":{\"image_position\":\"top-left\",\"media_overlay_gradient\":\"\",\"image\":\"wp-content\\\/uploads\\\/2021\\\/07\\\/cinza_bg.svg\",\"vertical_align\":\"middle\",\"css\":\".el-column {\\n \\tbackground-color: #F5F4F3;   \\n}\\n\\n@media(max-width: 960px) {\\n     .el-column [class*='uk-background-'] {\\n            background-image: linear-gradient(rgba(245,244,243,0.8), rgba(245,244,243,.8)), url(\\\/wp-content\\\/uploads\\\/2021\\\/07\\\/cinza_bg.svg) !important;\\n        background-repeat: no-repeat;\\n    }   \\n}\",\"image_size\":\"height-1-1\"},\"children\":[{\"type\":\"text\",\"props\":{\"margin\":\"default\",\"column_breakpoint\":\"m\",\"content\":\"\n\n<p>Jard.in Magn\\u00f3lia assumes itself as a place that intends to pay homage to the true gastronomic experiences of Madeira.\\nSurrounded by large green spaces, the restaurant is available to welcome you at any time of the day, offering you exquisite breakfasts and brunches with the healthiest and most varied options, to unique signature dinners where local and international flavors come together. merge.\\nEnjoy your meal in one of the reference spaces in the autonomous region of Madeira.<\\\/p>\",\"text_align\":\"center\",\"maxwidth\":\"xlarge\",\"block_align\":\"center\",\"css\":\".el-element {\\n \\tfont-size: 18px;   \\n}\"}}]}],\"props\":{\"margin\":\"remove-vertical\"}}],\"modified\":\"2021-07-05T09:51:04.823Z\",\"name\":\"main section cinza\"},{\"type\":\"section\",\"props\":{\"style\":\"default\",\"width\":\"\",\"vertical_align\":\"middle\",\"title_position\":\"top-left\",\"title_rotation\":\"left\",\"title_breakpoint\":\"xl\",\"image_position\":\"center-center\",\"image\":\"\",\"height\":\"percent\",\"padding\":\"none\"},\"children\":[{\"type\":\"row\",\"children\":[{\"type\":\"column\",\"props\":{\"image_position\":\"center-center\",\"media_overlay_gradient\":\"\",\"vertical_align\":\"middle\",\"image_size\":\"cover\",\"image\":\"wp-content\\\/uploads\\\/2021\\\/07\\\/dsc_4220-min-scaled-e1627312190900.jpg\"},\"children\":[{\"type\":\"headline\",\"props\":{\"title_element\":\"h2\",\"title_color\":\"secondary\",\"content\":\"An iconic place\",\"title_style\":\"heading-medium\",\"text_align\":\"center\",\"css\":\".el-element {\\n \\ttext-shadow: 0px 3px 6px #000000A7;  \\n}\",\"maxwidth\":\"2xlarge\",\"block_align\":\"center\"}}]}],\"props\":{\"height\":\"percent\"}},{\"type\":\"row\",\"children\":[{\"type\":\"column\",\"props\":{\"image_position\":\"top-left\",\"media_overlay_gradient\":\"\",\"image\":\"wp-content\\\/uploads\\\/2021\\\/07\\\/background_historia.svg\",\"vertical_align\":\"middle\",\"css\":\"@media(max-width: 960px) {\\n     .el-column [class*='uk-background-'] {\\n            background-image: linear-gradient(rgba(255,255,255,0.8), rgba(255,255,255,.8)), url(\\\/wp-content\\\/uploads\\\/2021\\\/07\\\/background_historia.svg) !important;\\n        background-repeat: no-repeat;\\n    }   \\n}\"},\"children\":[{\"type\":\"text\",\"props\":{\"margin\":\"remove-vertical\",\"column_breakpoint\":\"m\",\"content\":\"\n\n<p>Surrounded by exotic plants and strongly influenced by its past as a British Country Club, Jard.in Magn\\u00f3lia is an exquisite place, known for its dynamism in organizing events, both private and public, of medium to large size. When Madeira's tropical climate calls for the practice of sports, you can count on the various paddle tennis and tennis courts located in the Quinta, surrounded by our support bar, ideal for cooling off and regaining strength.<\\\/p>\",\"text_align\":\"center\",\"maxwidth\":\"xlarge\",\"block_align\":\"center\",\"css\":\".el-element {\\n \\tfont-size: 18px;   \\n}\"}}]}],\"props\":{\"margin\":\"remove-vertical\"}}],\"modified\":\"2021-07-05T09:52:10.154Z\",\"name\":\"main section\"}],\"version\":\"2.5.1\"} --><\/p>\n","protected":false},"excerpt":{"rendered":"<p>History Originated in the first half of the 19th century, Quinta Magn\u00f3lia is a historic place with large gardens that extend as far as the eye can see. Despite having been in possession of several identities, mostly British, its garden has always been the a common point of interest, having been preserved and enlarged over [&hellip;]<\/p>\n","protected":false},"author":10,"featured_media":0,"parent":0,"menu_order":0,"comment_status":"closed","ping_status":"closed","template":"","meta":{"_acf_changed":false,"footnotes":""},"class_list":["post-2368","page","type-page","status-publish","hentry"],"acf":[],"yoast_head":"<!-- This site is optimized with the Yoast SEO plugin v27.3 - https:\/\/yoast.com\/product\/yoast-seo-wordpress\/ -->\n<title>History - Jard.in Magn\u00f3lia | Food, Drinks and Green Vibes<\/title>\n<meta name=\"description\" content=\"Com origem na primeira metade do s\u00e9c. XIX, a Quinta Magn\u00f3lia \u00e9 um local hist\u00f3rico com jardins amplos que se estendem at\u00e9 onde os olhos conseguem ver.\" \/>\n<meta name=\"robots\" content=\"index, follow, max-snippet:-1, max-image-preview:large, max-video-preview:-1\" \/>\n<link rel=\"canonical\" href=\"https:\/\/jardinmagnolia.pt\/en\/historia\/\" \/>\n<meta property=\"og:locale\" content=\"en_US\" \/>\n<meta property=\"og:type\" content=\"article\" \/>\n<meta property=\"og:title\" content=\"History - Jard.in Magn\u00f3lia | Food, Drinks and Green Vibes\" \/>\n<meta property=\"og:description\" content=\"Com origem na primeira metade do s\u00e9c. XIX, a Quinta Magn\u00f3lia \u00e9 um local hist\u00f3rico com jardins amplos que se estendem at\u00e9 onde os olhos conseguem ver.\" \/>\n<meta property=\"og:url\" content=\"https:\/\/jardinmagnolia.pt\/en\/historia\/\" \/>\n<meta property=\"og:site_name\" content=\"Jard.in Magn\u00f3lia\" \/>\n<meta property=\"article:modified_time\" content=\"2021-11-05T10:20:26+00:00\" \/>\n<meta name=\"twitter:card\" content=\"summary_large_image\" \/>\n<meta name=\"twitter:label1\" content=\"Est. reading time\" \/>\n\t<meta name=\"twitter:data1\" content=\"2 minutes\" \/>\n<script type=\"application\/ld+json\" class=\"yoast-schema-graph\">{\"@context\":\"https:\\\/\\\/schema.org\",\"@graph\":[{\"@type\":\"WebPage\",\"@id\":\"https:\\\/\\\/jardinmagnolia.pt\\\/en\\\/historia\\\/\",\"url\":\"https:\\\/\\\/jardinmagnolia.pt\\\/en\\\/historia\\\/\",\"name\":\"History - Jard.in Magn\u00f3lia | Food, Drinks and Green Vibes\",\"isPartOf\":{\"@id\":\"https:\\\/\\\/jardinmagnolia.pt\\\/#website\"},\"datePublished\":\"2021-07-02T11:41:30+00:00\",\"dateModified\":\"2021-11-05T10:20:26+00:00\",\"description\":\"Com origem na primeira metade do s\u00e9c. XIX, a Quinta Magn\u00f3lia \u00e9 um local hist\u00f3rico com jardins amplos que se estendem at\u00e9 onde os olhos conseguem ver.\",\"breadcrumb\":{\"@id\":\"https:\\\/\\\/jardinmagnolia.pt\\\/en\\\/historia\\\/#breadcrumb\"},\"inLanguage\":\"en-US\",\"potentialAction\":[{\"@type\":\"ReadAction\",\"target\":[\"https:\\\/\\\/jardinmagnolia.pt\\\/en\\\/historia\\\/\"]}]},{\"@type\":\"BreadcrumbList\",\"@id\":\"https:\\\/\\\/jardinmagnolia.pt\\\/en\\\/historia\\\/#breadcrumb\",\"itemListElement\":[{\"@type\":\"ListItem\",\"position\":1,\"name\":\"Home\",\"item\":\"https:\\\/\\\/jardinmagnolia.pt\\\/en\\\/\"},{\"@type\":\"ListItem\",\"position\":2,\"name\":\"History\"}]},{\"@type\":\"WebSite\",\"@id\":\"https:\\\/\\\/jardinmagnolia.pt\\\/#website\",\"url\":\"https:\\\/\\\/jardinmagnolia.pt\\\/\",\"name\":\"Jard.in Magn\u00f3lia\",\"description\":\"\",\"potentialAction\":[{\"@type\":\"SearchAction\",\"target\":{\"@type\":\"EntryPoint\",\"urlTemplate\":\"https:\\\/\\\/jardinmagnolia.pt\\\/?s={search_term_string}\"},\"query-input\":{\"@type\":\"PropertyValueSpecification\",\"valueRequired\":true,\"valueName\":\"search_term_string\"}}],\"inLanguage\":\"en-US\"}]}<\/script>\n<!-- \/ Yoast SEO plugin. -->","yoast_head_json":{"title":"History - Jard.in Magn\u00f3lia | Food, Drinks and Green Vibes","description":"Com origem na primeira metade do s\u00e9c. XIX, a Quinta Magn\u00f3lia \u00e9 um local hist\u00f3rico com jardins amplos que se estendem at\u00e9 onde os olhos conseguem ver.","robots":{"index":"index","follow":"follow","max-snippet":"max-snippet:-1","max-image-preview":"max-image-preview:large","max-video-preview":"max-video-preview:-1"},"canonical":"https:\/\/jardinmagnolia.pt\/en\/historia\/","og_locale":"en_US","og_type":"article","og_title":"History - Jard.in Magn\u00f3lia | Food, Drinks and Green Vibes","og_description":"Com origem na primeira metade do s\u00e9c. XIX, a Quinta Magn\u00f3lia \u00e9 um local hist\u00f3rico com jardins amplos que se estendem at\u00e9 onde os olhos conseguem ver.","og_url":"https:\/\/jardinmagnolia.pt\/en\/historia\/","og_site_name":"Jard.in Magn\u00f3lia","article_modified_time":"2021-11-05T10:20:26+00:00","twitter_card":"summary_large_image","twitter_misc":{"Est. reading time":"2 minutes"},"schema":{"@context":"https:\/\/schema.org","@graph":[{"@type":"WebPage","@id":"https:\/\/jardinmagnolia.pt\/en\/historia\/","url":"https:\/\/jardinmagnolia.pt\/en\/historia\/","name":"History - Jard.in Magn\u00f3lia | Food, Drinks and Green Vibes","isPartOf":{"@id":"https:\/\/jardinmagnolia.pt\/#website"},"datePublished":"2021-07-02T11:41:30+00:00","dateModified":"2021-11-05T10:20:26+00:00","description":"Com origem na primeira metade do s\u00e9c. XIX, a Quinta Magn\u00f3lia \u00e9 um local hist\u00f3rico com jardins amplos que se estendem at\u00e9 onde os olhos conseguem ver.","breadcrumb":{"@id":"https:\/\/jardinmagnolia.pt\/en\/historia\/#breadcrumb"},"inLanguage":"en-US","potentialAction":[{"@type":"ReadAction","target":["https:\/\/jardinmagnolia.pt\/en\/historia\/"]}]},{"@type":"BreadcrumbList","@id":"https:\/\/jardinmagnolia.pt\/en\/historia\/#breadcrumb","itemListElement":[{"@type":"ListItem","position":1,"name":"Home","item":"https:\/\/jardinmagnolia.pt\/en\/"},{"@type":"ListItem","position":2,"name":"History"}]},{"@type":"WebSite","@id":"https:\/\/jardinmagnolia.pt\/#website","url":"https:\/\/jardinmagnolia.pt\/","name":"Jard.in Magn\u00f3lia","description":"","potentialAction":[{"@type":"SearchAction","target":{"@type":"EntryPoint","urlTemplate":"https:\/\/jardinmagnolia.pt\/?s={search_term_string}"},"query-input":{"@type":"PropertyValueSpecification","valueRequired":true,"valueName":"search_term_string"}}],"inLanguage":"en-US"}]}},"_links":{"self":[{"href":"https:\/\/jardinmagnolia.pt\/en\/wp-json\/wp\/v2\/pages\/2368","targetHints":{"allow":["GET"]}}],"collection":[{"href":"https:\/\/jardinmagnolia.pt\/en\/wp-json\/wp\/v2\/pages"}],"about":[{"href":"https:\/\/jardinmagnolia.pt\/en\/wp-json\/wp\/v2\/types\/page"}],"author":[{"embeddable":true,"href":"https:\/\/jardinmagnolia.pt\/en\/wp-json\/wp\/v2\/users\/10"}],"replies":[{"embeddable":true,"href":"https:\/\/jardinmagnolia.pt\/en\/wp-json\/wp\/v2\/comments?post=2368"}],"version-history":[{"count":10,"href":"https:\/\/jardinmagnolia.pt\/en\/wp-json\/wp\/v2\/pages\/2368\/revisions"}],"predecessor-version":[{"id":2404,"href":"https:\/\/jardinmagnolia.pt\/en\/wp-json\/wp\/v2\/pages\/2368\/revisions\/2404"}],"wp:attachment":[{"href":"https:\/\/jardinmagnolia.pt\/en\/wp-json\/wp\/v2\/media?parent=2368"}],"curies":[{"name":"wp","href":"https:\/\/api.w.org\/{rel}","templated":true}]}}