{"id":2375,"date":"2021-07-02T11:41:30","date_gmt":"2021-07-02T11:41:30","guid":{"rendered":"https:\/\/jardinmagnolia.pt\/servicos\/"},"modified":"2021-11-05T09:43:46","modified_gmt":"2021-11-05T09:43:46","slug":"servicos","status":"publish","type":"page","link":"https:\/\/jardinmagnolia.pt\/en\/servicos\/","title":{"rendered":"Services"},"content":{"rendered":"<h2>The Restaurant<\/h2>\n<div>\n<p>One of the gastronomic points of reference of the Madeira Region. In our restaurant you can enjoy dishes prepared with excellence, made with regional products and under the gastronomic influence of various corners of the world. You can also marvel at our different gastronomic moments, our tea accompanied by delicious scones in the afternoons, and also enjoy the best of Madeiran night from Thursday to Saturday in a more festive atmosphere.<\/p>\n<\/div>\n<h2>\n<p>Restaurant of<br \/>Premium Events<\/p>\n<\/h2>\n<div>\n<p>Because the most special events deserve extra attention, in our restaurant you have at your convinience a huge variety of dishes executed with the utmost rigor and demand that your event deserves.<\/p>\n<\/div>\n<p>\n    <a href=\"\/reservas\">Book your event here<\/a>\n<\/p>\n<h2>Bar<\/h2>\n<div>\n<p>To enjoy the beautiful days outdoors, whether after a morning of physical activity on our tennis and padel courts, or after a refreshing afternoon stroll, our bar is at your convenience to make you recover energy or to provide you with a pleasant moment contemplating the unique landscape of the garden.<\/p>\n<\/div>\n<p><!--more--><br \/>\n<!-- {\"type\":\"layout\",\"children\":[{\"type\":\"section\",\"props\":{\"style\":\"default\",\"width\":\"\",\"vertical_align\":\"middle\",\"title_position\":\"top-left\",\"title_rotation\":\"left\",\"title_breakpoint\":\"xl\",\"image_position\":\"center-center\",\"image\":\"\",\"height\":\"percent\",\"padding\":\"none\"},\"children\":[{\"type\":\"row\",\"children\":[{\"type\":\"column\",\"props\":{\"image_position\":\"center-center\",\"media_overlay_gradient\":\"\",\"image\":\"wp-content\\\/uploads\\\/2021\\\/07\\\/dsc_3703-2-min-scaled.jpg\",\"vertical_align\":\"middle\",\"image_size\":\"cover\",\"css\":\".el-column { min-height: 60vh; }\"},\"children\":[{\"type\":\"headline\",\"props\":{\"title_element\":\"h2\",\"title_color\":\"secondary\",\"content\":\"The Restaurant\",\"title_style\":\"heading-medium\",\"text_align\":\"center\",\"css\":\".el-element {\\n \\ttext-shadow: 0px 3px 6px #000000A7;  \\n}\"}}]}]},{\"type\":\"row\",\"children\":[{\"type\":\"column\",\"props\":{\"image_position\":\"top-left\",\"media_overlay_gradient\":\"\",\"image\":\"wp-content\\\/uploads\\\/2021\\\/07\\\/background_historia.svg\",\"vertical_align\":\"middle\",\"css\":\"@media(max-width: 960px) {\\n     .el-column [class*='uk-background-'] {\\n            background-image: linear-gradient(rgba(255,255,255,0.8), rgba(255,255,255,.8)), url(\\\/wp-content\\\/uploads\\\/2021\\\/07\\\/background_historia.svg) !important;\\n        background-repeat: no-repeat;\\n    }   \\n}\"},\"children\":[{\"type\":\"text\",\"props\":{\"margin\":\"remove-vertical\",\"column_breakpoint\":\"m\",\"content\":\"\n\n<p>One of the gastronomic points of reference of the Madeira Region. In our restaurant you can enjoy dishes prepared with excellence, made with regional products and under the gastronomic influence of various corners of the world. You can also marvel at our different gastronomic moments, our tea accompanied by delicious scones in the afternoons, and also enjoy the best of Madeiran night from Thursday to Saturday in a more festive atmosphere.<\\\/p>\",\"text_align\":\"center\",\"maxwidth\":\"xlarge\",\"block_align\":\"center\",\"css\":\".el-element {\\n \\tfont-size: 18px;   \\n}\"}}]}],\"props\":{\"margin\":\"remove-vertical\"}}]},{\"type\":\"section\",\"props\":{\"style\":\"default\",\"width\":\"\",\"vertical_align\":\"middle\",\"title_position\":\"top-left\",\"title_rotation\":\"left\",\"title_breakpoint\":\"xl\",\"image_position\":\"center-center\",\"image\":\"\",\"height\":\"percent\",\"padding\":\"none\"},\"children\":[{\"type\":\"row\",\"children\":[{\"type\":\"column\",\"props\":{\"image_position\":\"center-center\",\"media_overlay_gradient\":\"\",\"image\":\"wp-content\\\/uploads\\\/2021\\\/07\\\/restaurante_premium-min.png\",\"vertical_align\":\"middle\",\"image_size\":\"cover\",\"css\":\".el-column { min-height: 60vh; }\"},\"children\":[{\"type\":\"headline\",\"props\":{\"title_element\":\"h2\",\"title_color\":\"secondary\",\"content\":\"\n\n<p>Restaurant of<br \\\/>Premium Events<\\\/p>\",\"title_style\":\"heading-medium\",\"text_align\":\"center\",\"css\":\".el-element {\\n \\ttext-shadow: 0px 3px 6px #000000A7;  \\n}\"}}]}]},{\"type\":\"row\",\"children\":[{\"type\":\"column\",\"props\":{\"image_position\":\"top-left\",\"media_overlay_gradient\":\"\",\"image\":\"wp-content\\\/uploads\\\/2021\\\/07\\\/cinza_bg.svg\",\"vertical_align\":\"middle\",\"css\":\".el-column {\\n \\tbackground-color: #F5F4F3;   \\n}\\n\\n@media(max-width: 960px) {\\n     .el-column [class*='uk-background-'] {\\n            background-image: linear-gradient(rgba(245,244,243,0.8), rgba(245,244,243,.8)), url(\\\/wp-content\\\/uploads\\\/2021\\\/07\\\/cinza_bg.svg) !important;\\n        background-repeat: no-repeat;\\n    }   \\n}\",\"image_size\":\"height-1-1\"},\"children\":[{\"type\":\"text\",\"props\":{\"margin\":\"large\",\"column_breakpoint\":\"m\",\"content\":\"\n\n<p>Because the most special events deserve extra attention, in our restaurant you have at your convinience a huge variety of dishes executed with the utmost rigor and demand that your event deserves.<\\\/p>\",\"text_align\":\"center\",\"maxwidth\":\"xlarge\",\"block_align\":\"center\",\"css\":\".el-element {\\n \\tfont-size: 18px;   \\n}\",\"margin_remove_bottom\":false}},{\"type\":\"button\",\"props\":{\"grid_column_gap\":\"small\",\"grid_row_gap\":\"small\",\"margin\":\"default\",\"text_align\":\"center\",\"margin_remove_bottom\":true},\"children\":[{\"type\":\"button_item\",\"props\":{\"button_style\":\"default\",\"icon_align\":\"right\",\"content\":\"Book your event here\",\"link\":\"\\\/reservas\",\"icon\":\"arrow-right\"}}]}]}],\"props\":{\"margin\":\"remove-vertical\"}}]},{\"type\":\"section\",\"props\":{\"style\":\"default\",\"width\":\"\",\"vertical_align\":\"middle\",\"title_position\":\"top-left\",\"title_rotation\":\"left\",\"title_breakpoint\":\"xl\",\"image_position\":\"center-center\",\"image\":\"\",\"height\":\"percent\",\"padding\":\"none\"},\"children\":[{\"type\":\"row\",\"children\":[{\"type\":\"column\",\"props\":{\"image_position\":\"center-center\",\"media_overlay_gradient\":\"\",\"vertical_align\":\"middle\",\"image\":\"\\\/wp-content\\\/uploads\\\/2021\\\/07\\\/bar-min.png\",\"image_size\":\"cover\",\"css\":\".el-column { min-height: 60vh; }\"},\"children\":[{\"type\":\"headline\",\"props\":{\"title_element\":\"h2\",\"title_color\":\"secondary\",\"content\":\"Bar\",\"title_style\":\"heading-medium\",\"text_align\":\"center\",\"css\":\".el-element {\\n \\ttext-shadow: 0px 3px 6px #000000A7;  \\n}\"}}]}]},{\"type\":\"row\",\"children\":[{\"type\":\"column\",\"props\":{\"image_position\":\"top-left\",\"media_overlay_gradient\":\"\",\"image\":\"wp-content\\\/uploads\\\/2021\\\/07\\\/background_historia.svg\",\"vertical_align\":\"middle\",\"css\":\"@media(max-width: 960px) {\\n     .el-column [class*='uk-background-'] {\\n            background-image: linear-gradient(rgba(255,255,255,0.8), rgba(255,255,255,.8)), url(\\\/wp-content\\\/uploads\\\/2021\\\/07\\\/background_historia.svg) !important;\\n        background-repeat: no-repeat;\\n    }   \\n}\"},\"children\":[{\"type\":\"text\",\"props\":{\"margin\":\"remove-vertical\",\"column_breakpoint\":\"m\",\"content\":\"\n\n<p>To enjoy the beautiful days outdoors, whether after a morning of physical activity on our tennis and padel courts, or after a refreshing afternoon stroll, our bar is at your convenience to make you recover energy or to provide you with a pleasant moment contemplating the unique landscape of the garden.<\\\/p>\",\"text_align\":\"center\",\"maxwidth\":\"xlarge\",\"block_align\":\"center\",\"css\":\".el-element {\\n \\tfont-size: 18px;   \\n}\"}}]}],\"props\":{\"margin\":\"remove-vertical\"}}],\"modified\":\"2021-07-05T09:52:10.154Z\",\"name\":\"main section\"}],\"version\":\"2.5.1\"} --><\/p>\n","protected":false},"excerpt":{"rendered":"<p>The Restaurant One of the gastronomic points of reference of the Madeira Region. In our restaurant you can enjoy dishes prepared with excellence, made with regional products and under the gastronomic influence of various corners of the world. You can also marvel at our different gastronomic moments, our tea accompanied by delicious scones in the [&hellip;]<\/p>\n","protected":false},"author":10,"featured_media":0,"parent":0,"menu_order":0,"comment_status":"closed","ping_status":"closed","template":"","meta":{"_acf_changed":false,"footnotes":""},"class_list":["post-2375","page","type-page","status-publish","hentry"],"acf":[],"yoast_head":"<!-- This site is optimized with the Yoast SEO plugin v27.3 - https:\/\/yoast.com\/product\/yoast-seo-wordpress\/ -->\n<title>Services - Jard.in Magn\u00f3lia | Food, Drinks and Green Vibes<\/title>\n<meta name=\"description\" content=\"Conhe\u00e7a os nossos servi\u00e7os: Restaurante, Restaurante de Eventos Premium e Bar.\" \/>\n<meta name=\"robots\" content=\"index, follow, max-snippet:-1, max-image-preview:large, max-video-preview:-1\" \/>\n<link rel=\"canonical\" href=\"https:\/\/jardinmagnolia.pt\/en\/servicos\/\" \/>\n<meta property=\"og:locale\" content=\"en_US\" \/>\n<meta property=\"og:type\" content=\"article\" \/>\n<meta property=\"og:title\" content=\"Services - Jard.in Magn\u00f3lia | Food, Drinks and Green Vibes\" \/>\n<meta property=\"og:description\" content=\"Conhe\u00e7a os nossos servi\u00e7os: Restaurante, Restaurante de Eventos Premium e Bar.\" \/>\n<meta property=\"og:url\" content=\"https:\/\/jardinmagnolia.pt\/en\/servicos\/\" \/>\n<meta property=\"og:site_name\" content=\"Jard.in Magn\u00f3lia\" \/>\n<meta property=\"article:modified_time\" content=\"2021-11-05T09:43:46+00:00\" \/>\n<meta name=\"twitter:card\" content=\"summary_large_image\" \/>\n<meta name=\"twitter:label1\" content=\"Est. reading time\" \/>\n\t<meta name=\"twitter:data1\" content=\"1 minute\" \/>\n<script type=\"application\/ld+json\" class=\"yoast-schema-graph\">{\"@context\":\"https:\\\/\\\/schema.org\",\"@graph\":[{\"@type\":\"WebPage\",\"@id\":\"https:\\\/\\\/jardinmagnolia.pt\\\/en\\\/servicos\\\/\",\"url\":\"https:\\\/\\\/jardinmagnolia.pt\\\/en\\\/servicos\\\/\",\"name\":\"Services - Jard.in Magn\u00f3lia | Food, Drinks and Green Vibes\",\"isPartOf\":{\"@id\":\"https:\\\/\\\/jardinmagnolia.pt\\\/#website\"},\"datePublished\":\"2021-07-02T11:41:30+00:00\",\"dateModified\":\"2021-11-05T09:43:46+00:00\",\"description\":\"Conhe\u00e7a os nossos servi\u00e7os: Restaurante, Restaurante de Eventos Premium e Bar.\",\"breadcrumb\":{\"@id\":\"https:\\\/\\\/jardinmagnolia.pt\\\/en\\\/servicos\\\/#breadcrumb\"},\"inLanguage\":\"en-US\",\"potentialAction\":[{\"@type\":\"ReadAction\",\"target\":[\"https:\\\/\\\/jardinmagnolia.pt\\\/en\\\/servicos\\\/\"]}]},{\"@type\":\"BreadcrumbList\",\"@id\":\"https:\\\/\\\/jardinmagnolia.pt\\\/en\\\/servicos\\\/#breadcrumb\",\"itemListElement\":[{\"@type\":\"ListItem\",\"position\":1,\"name\":\"Home\",\"item\":\"https:\\\/\\\/jardinmagnolia.pt\\\/en\\\/\"},{\"@type\":\"ListItem\",\"position\":2,\"name\":\"Services\"}]},{\"@type\":\"WebSite\",\"@id\":\"https:\\\/\\\/jardinmagnolia.pt\\\/#website\",\"url\":\"https:\\\/\\\/jardinmagnolia.pt\\\/\",\"name\":\"Jard.in Magn\u00f3lia\",\"description\":\"\",\"potentialAction\":[{\"@type\":\"SearchAction\",\"target\":{\"@type\":\"EntryPoint\",\"urlTemplate\":\"https:\\\/\\\/jardinmagnolia.pt\\\/?s={search_term_string}\"},\"query-input\":{\"@type\":\"PropertyValueSpecification\",\"valueRequired\":true,\"valueName\":\"search_term_string\"}}],\"inLanguage\":\"en-US\"}]}<\/script>\n<!-- \/ Yoast SEO plugin. -->","yoast_head_json":{"title":"Services - Jard.in Magn\u00f3lia | Food, Drinks and Green Vibes","description":"Conhe\u00e7a os nossos servi\u00e7os: Restaurante, Restaurante de Eventos Premium e Bar.","robots":{"index":"index","follow":"follow","max-snippet":"max-snippet:-1","max-image-preview":"max-image-preview:large","max-video-preview":"max-video-preview:-1"},"canonical":"https:\/\/jardinmagnolia.pt\/en\/servicos\/","og_locale":"en_US","og_type":"article","og_title":"Services - Jard.in Magn\u00f3lia | Food, Drinks and Green Vibes","og_description":"Conhe\u00e7a os nossos servi\u00e7os: Restaurante, Restaurante de Eventos Premium e Bar.","og_url":"https:\/\/jardinmagnolia.pt\/en\/servicos\/","og_site_name":"Jard.in Magn\u00f3lia","article_modified_time":"2021-11-05T09:43:46+00:00","twitter_card":"summary_large_image","twitter_misc":{"Est. reading time":"1 minute"},"schema":{"@context":"https:\/\/schema.org","@graph":[{"@type":"WebPage","@id":"https:\/\/jardinmagnolia.pt\/en\/servicos\/","url":"https:\/\/jardinmagnolia.pt\/en\/servicos\/","name":"Services - Jard.in Magn\u00f3lia | Food, Drinks and Green Vibes","isPartOf":{"@id":"https:\/\/jardinmagnolia.pt\/#website"},"datePublished":"2021-07-02T11:41:30+00:00","dateModified":"2021-11-05T09:43:46+00:00","description":"Conhe\u00e7a os nossos servi\u00e7os: Restaurante, Restaurante de Eventos Premium e Bar.","breadcrumb":{"@id":"https:\/\/jardinmagnolia.pt\/en\/servicos\/#breadcrumb"},"inLanguage":"en-US","potentialAction":[{"@type":"ReadAction","target":["https:\/\/jardinmagnolia.pt\/en\/servicos\/"]}]},{"@type":"BreadcrumbList","@id":"https:\/\/jardinmagnolia.pt\/en\/servicos\/#breadcrumb","itemListElement":[{"@type":"ListItem","position":1,"name":"Home","item":"https:\/\/jardinmagnolia.pt\/en\/"},{"@type":"ListItem","position":2,"name":"Services"}]},{"@type":"WebSite","@id":"https:\/\/jardinmagnolia.pt\/#website","url":"https:\/\/jardinmagnolia.pt\/","name":"Jard.in Magn\u00f3lia","description":"","potentialAction":[{"@type":"SearchAction","target":{"@type":"EntryPoint","urlTemplate":"https:\/\/jardinmagnolia.pt\/?s={search_term_string}"},"query-input":{"@type":"PropertyValueSpecification","valueRequired":true,"valueName":"search_term_string"}}],"inLanguage":"en-US"}]}},"_links":{"self":[{"href":"https:\/\/jardinmagnolia.pt\/en\/wp-json\/wp\/v2\/pages\/2375","targetHints":{"allow":["GET"]}}],"collection":[{"href":"https:\/\/jardinmagnolia.pt\/en\/wp-json\/wp\/v2\/pages"}],"about":[{"href":"https:\/\/jardinmagnolia.pt\/en\/wp-json\/wp\/v2\/types\/page"}],"author":[{"embeddable":true,"href":"https:\/\/jardinmagnolia.pt\/en\/wp-json\/wp\/v2\/users\/10"}],"replies":[{"embeddable":true,"href":"https:\/\/jardinmagnolia.pt\/en\/wp-json\/wp\/v2\/comments?post=2375"}],"version-history":[{"count":7,"href":"https:\/\/jardinmagnolia.pt\/en\/wp-json\/wp\/v2\/pages\/2375\/revisions"}],"predecessor-version":[{"id":2397,"href":"https:\/\/jardinmagnolia.pt\/en\/wp-json\/wp\/v2\/pages\/2375\/revisions\/2397"}],"wp:attachment":[{"href":"https:\/\/jardinmagnolia.pt\/en\/wp-json\/wp\/v2\/media?parent=2375"}],"curies":[{"name":"wp","href":"https:\/\/api.w.org\/{rel}","templated":true}]}}