{"id":2382,"date":"2021-07-02T11:41:30","date_gmt":"2021-07-02T11:41:30","guid":{"rendered":"https:\/\/jardinmagnolia.pt\/eventos\/"},"modified":"2021-11-05T10:08:31","modified_gmt":"2021-11-05T10:08:31","slug":"eventos","status":"publish","type":"page","link":"https:\/\/jardinmagnolia.pt\/en\/eventos\/","title":{"rendered":"Events"},"content":{"rendered":"<h2>\n<p>Make the best use<br \/>of one of the most emblematic<br \/>spaces in Madeira<\/p>\n<\/h2>\n<div>\n<p>See here the events we have going on<\/p>\n<\/div>\n<p>\n    <a href=\"\/en\/contacto\/\">Make your reservation here.<\/a>\n<\/p>\n<p><!--more--><br \/>\n<!-- {\"type\":\"layout\",\"children\":[{\"type\":\"section\",\"props\":{\"style\":\"default\",\"width\":\"\",\"vertical_align\":\"middle\",\"title_position\":\"top-left\",\"title_rotation\":\"left\",\"title_breakpoint\":\"xl\",\"image_position\":\"center-center\",\"image\":\"\",\"height\":\"percent\",\"padding\":\"none\"},\"children\":[{\"type\":\"row\",\"children\":[{\"type\":\"column\",\"props\":{\"image_position\":\"center-center\",\"media_overlay_gradient\":\"\",\"image\":\"wp-content\\\/uploads\\\/2021\\\/07\\\/bar-min.png\",\"vertical_align\":\"middle\",\"image_size\":\"cover\",\"css\":\".el-column { min-height: 60vh; }\"},\"children\":[{\"type\":\"headline\",\"props\":{\"title_element\":\"h2\",\"title_color\":\"secondary\",\"content\":\"\n\n<p>Make the best use<br \\\/>of one of the most emblematic<br \\\/>spaces in Madeira<\\\/p>\",\"title_style\":\"heading-medium\",\"text_align\":\"center\",\"css\":\".el-element {\\n \\ttext-shadow: 0px 3px 6px #000000A7;  \\n}\"}}]}]},{\"type\":\"row\",\"children\":[{\"type\":\"column\",\"props\":{\"image_position\":\"top-left\",\"media_overlay_gradient\":\"\",\"image\":\"wp-content\\\/uploads\\\/2021\\\/07\\\/background_historia.svg\",\"vertical_align\":\"middle\",\"css\":\"@media(max-width: 960px) {\\n     .el-column [class*='uk-background-'] {\\n            background-image: linear-gradient(rgba(255,255,255,0.8), rgba(255,255,255,.8)), url(\\\/wp-content\\\/uploads\\\/2021\\\/07\\\/background_historia.svg) !important;\\n        background-repeat: no-repeat;\\n    }   \\n}\"},\"children\":[{\"type\":\"text\",\"props\":{\"margin\":\"default\",\"column_breakpoint\":\"m\",\"content\":\"\n\n<p>See here the events we have going on<\\\/p>\",\"text_align\":\"center\"}},{\"type\":\"button\",\"props\":{\"grid_column_gap\":\"small\",\"grid_row_gap\":\"small\",\"margin\":\"default\",\"text_align\":\"center\"},\"children\":[{\"type\":\"button_item\",\"props\":{\"button_style\":\"default\",\"icon_align\":\"right\",\"content\":\"Make your reservation here.\",\"link\":\"en\\\/contacto\\\/\",\"icon\":\"arrow-right\"}}]}]}],\"props\":{\"margin\":\"remove-vertical\"}}],\"modified\":\"2021-07-05T09:52:10.154Z\",\"name\":\"main section\"}],\"version\":\"2.5.1\"} --><\/p>\n","protected":false},"excerpt":{"rendered":"<p>Make the best useof one of the most emblematicspaces in Madeira See here the events we have going on Make your reservation here.<\/p>\n","protected":false},"author":10,"featured_media":0,"parent":0,"menu_order":0,"comment_status":"closed","ping_status":"closed","template":"","meta":{"_acf_changed":false,"footnotes":""},"class_list":["post-2382","page","type-page","status-publish","hentry"],"acf":[],"yoast_head":"<!-- This site is optimized with the Yoast SEO plugin v27.4 - https:\/\/yoast.com\/product\/yoast-seo-wordpress\/ -->\n<title>Events - Jard.in Magn\u00f3lia | Food, Drinks and Green Vibes<\/title>\n<meta name=\"description\" content=\"Aproveite da melhor maneira um dos espa\u00e7os mais emblem\u00e1ticos da Madeira: Veja aqui os eventos que est\u00e3o a decorrer.\" \/>\n<meta name=\"robots\" content=\"index, follow, max-snippet:-1, max-image-preview:large, max-video-preview:-1\" \/>\n<link rel=\"canonical\" href=\"https:\/\/jardinmagnolia.pt\/en\/eventos\/\" \/>\n<meta property=\"og:locale\" content=\"en_US\" \/>\n<meta property=\"og:type\" content=\"article\" \/>\n<meta property=\"og:title\" content=\"Events - Jard.in Magn\u00f3lia | Food, Drinks and Green Vibes\" \/>\n<meta property=\"og:description\" content=\"Aproveite da melhor maneira um dos espa\u00e7os mais emblem\u00e1ticos da Madeira: Veja aqui os eventos que est\u00e3o a decorrer.\" \/>\n<meta property=\"og:url\" content=\"https:\/\/jardinmagnolia.pt\/en\/eventos\/\" \/>\n<meta property=\"og:site_name\" content=\"Jard.in Magn\u00f3lia\" \/>\n<meta property=\"article:modified_time\" content=\"2021-11-05T10:08:31+00:00\" \/>\n<meta name=\"twitter:card\" content=\"summary_large_image\" \/>\n<script type=\"application\/ld+json\" class=\"yoast-schema-graph\">{\"@context\":\"https:\\\/\\\/schema.org\",\"@graph\":[{\"@type\":\"WebPage\",\"@id\":\"https:\\\/\\\/jardinmagnolia.pt\\\/en\\\/eventos\\\/\",\"url\":\"https:\\\/\\\/jardinmagnolia.pt\\\/en\\\/eventos\\\/\",\"name\":\"Events - Jard.in Magn\u00f3lia | Food, Drinks and Green Vibes\",\"isPartOf\":{\"@id\":\"https:\\\/\\\/jardinmagnolia.pt\\\/#website\"},\"datePublished\":\"2021-07-02T11:41:30+00:00\",\"dateModified\":\"2021-11-05T10:08:31+00:00\",\"description\":\"Aproveite da melhor maneira um dos espa\u00e7os mais emblem\u00e1ticos da Madeira: Veja aqui os eventos que est\u00e3o a decorrer.\",\"breadcrumb\":{\"@id\":\"https:\\\/\\\/jardinmagnolia.pt\\\/en\\\/eventos\\\/#breadcrumb\"},\"inLanguage\":\"en-US\",\"potentialAction\":[{\"@type\":\"ReadAction\",\"target\":[\"https:\\\/\\\/jardinmagnolia.pt\\\/en\\\/eventos\\\/\"]}]},{\"@type\":\"BreadcrumbList\",\"@id\":\"https:\\\/\\\/jardinmagnolia.pt\\\/en\\\/eventos\\\/#breadcrumb\",\"itemListElement\":[{\"@type\":\"ListItem\",\"position\":1,\"name\":\"Home\",\"item\":\"https:\\\/\\\/jardinmagnolia.pt\\\/en\\\/\"},{\"@type\":\"ListItem\",\"position\":2,\"name\":\"Events\"}]},{\"@type\":\"WebSite\",\"@id\":\"https:\\\/\\\/jardinmagnolia.pt\\\/#website\",\"url\":\"https:\\\/\\\/jardinmagnolia.pt\\\/\",\"name\":\"Jard.in Magn\u00f3lia\",\"description\":\"\",\"potentialAction\":[{\"@type\":\"SearchAction\",\"target\":{\"@type\":\"EntryPoint\",\"urlTemplate\":\"https:\\\/\\\/jardinmagnolia.pt\\\/?s={search_term_string}\"},\"query-input\":{\"@type\":\"PropertyValueSpecification\",\"valueRequired\":true,\"valueName\":\"search_term_string\"}}],\"inLanguage\":\"en-US\"}]}<\/script>\n<!-- \/ Yoast SEO plugin. -->","yoast_head_json":{"title":"Events - Jard.in Magn\u00f3lia | Food, Drinks and Green Vibes","description":"Aproveite da melhor maneira um dos espa\u00e7os mais emblem\u00e1ticos da Madeira: Veja aqui os eventos que est\u00e3o a decorrer.","robots":{"index":"index","follow":"follow","max-snippet":"max-snippet:-1","max-image-preview":"max-image-preview:large","max-video-preview":"max-video-preview:-1"},"canonical":"https:\/\/jardinmagnolia.pt\/en\/eventos\/","og_locale":"en_US","og_type":"article","og_title":"Events - Jard.in Magn\u00f3lia | Food, Drinks and Green Vibes","og_description":"Aproveite da melhor maneira um dos espa\u00e7os mais emblem\u00e1ticos da Madeira: Veja aqui os eventos que est\u00e3o a decorrer.","og_url":"https:\/\/jardinmagnolia.pt\/en\/eventos\/","og_site_name":"Jard.in Magn\u00f3lia","article_modified_time":"2021-11-05T10:08:31+00:00","twitter_card":"summary_large_image","schema":{"@context":"https:\/\/schema.org","@graph":[{"@type":"WebPage","@id":"https:\/\/jardinmagnolia.pt\/en\/eventos\/","url":"https:\/\/jardinmagnolia.pt\/en\/eventos\/","name":"Events - Jard.in Magn\u00f3lia | Food, Drinks and Green Vibes","isPartOf":{"@id":"https:\/\/jardinmagnolia.pt\/#website"},"datePublished":"2021-07-02T11:41:30+00:00","dateModified":"2021-11-05T10:08:31+00:00","description":"Aproveite da melhor maneira um dos espa\u00e7os mais emblem\u00e1ticos da Madeira: Veja aqui os eventos que est\u00e3o a decorrer.","breadcrumb":{"@id":"https:\/\/jardinmagnolia.pt\/en\/eventos\/#breadcrumb"},"inLanguage":"en-US","potentialAction":[{"@type":"ReadAction","target":["https:\/\/jardinmagnolia.pt\/en\/eventos\/"]}]},{"@type":"BreadcrumbList","@id":"https:\/\/jardinmagnolia.pt\/en\/eventos\/#breadcrumb","itemListElement":[{"@type":"ListItem","position":1,"name":"Home","item":"https:\/\/jardinmagnolia.pt\/en\/"},{"@type":"ListItem","position":2,"name":"Events"}]},{"@type":"WebSite","@id":"https:\/\/jardinmagnolia.pt\/#website","url":"https:\/\/jardinmagnolia.pt\/","name":"Jard.in Magn\u00f3lia","description":"","potentialAction":[{"@type":"SearchAction","target":{"@type":"EntryPoint","urlTemplate":"https:\/\/jardinmagnolia.pt\/?s={search_term_string}"},"query-input":{"@type":"PropertyValueSpecification","valueRequired":true,"valueName":"search_term_string"}}],"inLanguage":"en-US"}]}},"_links":{"self":[{"href":"https:\/\/jardinmagnolia.pt\/en\/wp-json\/wp\/v2\/pages\/2382","targetHints":{"allow":["GET"]}}],"collection":[{"href":"https:\/\/jardinmagnolia.pt\/en\/wp-json\/wp\/v2\/pages"}],"about":[{"href":"https:\/\/jardinmagnolia.pt\/en\/wp-json\/wp\/v2\/types\/page"}],"author":[{"embeddable":true,"href":"https:\/\/jardinmagnolia.pt\/en\/wp-json\/wp\/v2\/users\/10"}],"replies":[{"embeddable":true,"href":"https:\/\/jardinmagnolia.pt\/en\/wp-json\/wp\/v2\/comments?post=2382"}],"version-history":[{"count":6,"href":"https:\/\/jardinmagnolia.pt\/en\/wp-json\/wp\/v2\/pages\/2382\/revisions"}],"predecessor-version":[{"id":2403,"href":"https:\/\/jardinmagnolia.pt\/en\/wp-json\/wp\/v2\/pages\/2382\/revisions\/2403"}],"wp:attachment":[{"href":"https:\/\/jardinmagnolia.pt\/en\/wp-json\/wp\/v2\/media?parent=2382"}],"curies":[{"name":"wp","href":"https:\/\/api.w.org\/{rel}","templated":true}]}}