{"id":2386,"date":"2021-07-02T11:41:30","date_gmt":"2021-07-02T11:41:30","guid":{"rendered":"https:\/\/jardinmagnolia.pt\/portfolio\/"},"modified":"2021-11-05T09:44:02","modified_gmt":"2021-11-05T09:44:02","slug":"portfolio","status":"publish","type":"page","link":"https:\/\/jardinmagnolia.pt\/en\/portfolio\/","title":{"rendered":"Portfolio"},"content":{"rendered":"<h2>\n<p>A space where stories are created.<\/p>\n<\/h2>\n<div>\n<p>Jard.in Magnolia is ready to host and make your event a memorable moment. Whether in a more exclusive or open-access environment, we work to provide you with a truly unforgettable experience.<\/p>\n<\/div>\n<ul>\n<li>\n<p>        <img decoding=\"async\" src=\"\/wp-content\/uploads\/2021\/07\/IMG_0661-e1625238859574.jpg\" alt=\"\"><\/p>\n<h3>IMG_0661<\/h3>\n<\/li>\n<li>\n<p>        <img decoding=\"async\" src=\"\/wp-content\/uploads\/2021\/07\/IMG_0650.jpg\" alt=\"\"><\/p>\n<h3>IMG_0650<\/h3>\n<\/li>\n<li>\n<p>        <img decoding=\"async\" src=\"\/wp-content\/uploads\/2021\/07\/IMG_0649.jpg\" alt=\"\"><\/p>\n<h3>IMG_0649<\/h3>\n<\/li>\n<li>\n<p>        <img decoding=\"async\" src=\"\/wp-content\/uploads\/2021\/07\/IMG_0645.jpg\" alt=\"\"><\/p>\n<h3>IMG_0645<\/h3>\n<\/li>\n<li>\n<p>        <img decoding=\"async\" src=\"\/wp-content\/uploads\/2021\/07\/IMG_0641.jpg\" alt=\"\"><\/p>\n<h3>IMG_0641<\/h3>\n<\/li>\n<li>\n<p>        <img decoding=\"async\" src=\"\/wp-content\/uploads\/2021\/07\/IMG_0636.jpg\" alt=\"\"><\/p>\n<h3>IMG_0636<\/h3>\n<\/li>\n<li>\n<p>        <img decoding=\"async\" src=\"\/wp-content\/uploads\/2021\/07\/IMG_0631.jpg\" alt=\"\"><\/p>\n<h3>IMG_0631<\/h3>\n<\/li>\n<li>\n<p>        <img decoding=\"async\" src=\"\/wp-content\/uploads\/2021\/07\/FE7D2511-969F-4EC5-A8DC-5B3D795919D4.jpeg\" alt=\"\"><\/p>\n<h3>FE7D2511-969F-4EC5-A8DC-5B3D795919D4<\/h3>\n<\/li>\n<li>\n<p>        <img decoding=\"async\" src=\"\/wp-content\/uploads\/2021\/07\/C57A2628-1B28-4C1A-9331-D713C6EFA36E.jpeg\" alt=\"\"><\/p>\n<h3>C57A2628-1B28-4C1A-9331-D713C6EFA36E<\/h3>\n<\/li>\n<li>\n<p>        <img decoding=\"async\" src=\"\/wp-content\/uploads\/2021\/07\/C3D9B98C-65DF-491B-85DA-EF7B266A28ED.jpeg\" alt=\"\"><\/p>\n<h3>C3D9B98C-65DF-491B-85DA-EF7B266A28ED<\/h3>\n<\/li>\n<li>\n<p>        <img decoding=\"async\" src=\"\/wp-content\/uploads\/2021\/07\/5DB44A6D-4846-448A-BD7E-19F7579E8A22.jpeg\" alt=\"\"><\/p>\n<h3>5DB44A6D-4846-448A-BD7E-19F7579E8A22<\/h3>\n<\/li>\n<li>\n<p>        <img decoding=\"async\" src=\"\/wp-content\/uploads\/2021\/07\/393297CA-DBB3-4D4F-A8E2-CDC1C1D5F3F9.jpeg\" alt=\"\"><\/p>\n<h3>393297CA-DBB3-4D4F-A8E2-CDC1C1D5F3F9<\/h3>\n<\/li>\n<li>\n<p>        <img decoding=\"async\" src=\"\/wp-content\/uploads\/2021\/07\/A279AD30-D9BD-47D5-AAB6-34A0DEAB979E.jpeg\" alt=\"\"><\/p>\n<h3>A279AD30-D9BD-47D5-AAB6-34A0DEAB979E<\/h3>\n<\/li>\n<li>\n<p>        <img decoding=\"async\" src=\"\/wp-content\/uploads\/2021\/07\/B301DFB3-9F71-4592-B7FB-DCDFBC82A4D7.jpeg\" alt=\"\"><\/p>\n<h3>B301DFB3-9F71-4592-B7FB-DCDFBC82A4D7<\/h3>\n<\/li>\n<\/ul>\n<p><!--more--><br \/>\n<!-- {\"type\":\"layout\",\"children\":[{\"type\":\"section\",\"props\":{\"style\":\"default\",\"width\":\"\",\"vertical_align\":\"middle\",\"title_position\":\"top-left\",\"title_rotation\":\"left\",\"title_breakpoint\":\"xl\",\"image_position\":\"center-center\",\"image\":\"\",\"height\":\"percent\",\"padding\":\"none\"},\"children\":[{\"type\":\"row\",\"children\":[{\"type\":\"column\",\"props\":{\"image_position\":\"center-center\",\"media_overlay_gradient\":\"\",\"image\":\"wp-content\\\/uploads\\\/2021\\\/07\\\/restaurante_premium-min.png\",\"vertical_align\":\"middle\",\"css\":\".el-column { min-height: 60vh; }\"},\"children\":[{\"type\":\"headline\",\"props\":{\"title_element\":\"h2\",\"title_color\":\"secondary\",\"content\":\"\n\n<p>A space where stories are created.<\\\/p>\",\"title_style\":\"heading-medium\",\"text_align\":\"center\",\"css\":\".el-element {\\n \\ttext-shadow: 0px 3px 6px #000000A7;  \\n}\"}}]}]},{\"type\":\"row\",\"children\":[{\"type\":\"column\",\"props\":{\"image_position\":\"top-left\",\"media_overlay_gradient\":\"\",\"image\":\"wp-content\\\/uploads\\\/2021\\\/07\\\/background_historia.svg\",\"vertical_align\":\"middle\",\"css\":\"@media(max-width: 960px) {\\n     .el-column [class*='uk-background-'] {\\n            background-image: linear-gradient(rgba(255,255,255,0.8), rgba(255,255,255,.8)), url(\\\/wp-content\\\/uploads\\\/2021\\\/07\\\/background_historia.svg) !important;\\n        background-repeat: no-repeat;\\n    }   \\n}\"},\"children\":[{\"type\":\"text\",\"props\":{\"margin\":\"remove-vertical\",\"column_breakpoint\":\"m\",\"content\":\"\n\n<p>Jard.in Magnolia is ready to host and make your event a memorable moment. Whether in a more exclusive or open-access environment, we work to provide you with a truly unforgettable experience.<\\\/p>\",\"text_align\":\"center\",\"maxwidth\":\"xlarge\",\"block_align\":\"center\",\"css\":\".el-element {\\n \\tfont-size: 18px;   \\n}\"}}]}],\"props\":{\"margin\":\"remove-vertical\"}}],\"modified\":\"2021-07-05T09:52:10.154Z\",\"name\":\"main section\"},{\"type\":\"section\",\"props\":{\"style\":\"default\",\"width\":\"default\",\"vertical_align\":\"middle\",\"title_position\":\"top-left\",\"title_rotation\":\"left\",\"title_breakpoint\":\"xl\",\"image_position\":\"center-center\"},\"children\":[{\"type\":\"row\",\"children\":[{\"type\":\"column\",\"props\":{\"image_position\":\"center-center\",\"media_overlay_gradient\":\"\"},\"children\":[{\"type\":\"panel-slider\",\"props\":{\"show_title\":false,\"show_meta\":false,\"show_content\":false,\"show_image\":true,\"show_link\":false,\"slider_width\":\"fixed\",\"slider_width_default\":\"1-1\",\"slider_width_medium\":\"1-3\",\"slider_gap\":\"default\",\"slider_autoplay_pause\":true,\"nav\":\"dotnav\",\"nav_align\":\"center\",\"nav_breakpoint\":\"s\",\"slidenav\":\"outside\",\"slidenav_margin\":\"medium\",\"slidenav_breakpoint\":\"m\",\"slidenav_outside_breakpoint\":\"m\",\"panel_card_match\":true,\"title_hover_style\":\"reset\",\"title_element\":\"h3\",\"title_align\":\"top\",\"title_grid_width\":\"1-2\",\"title_grid_breakpoint\":\"m\",\"meta_style\":\"meta\",\"meta_align\":\"below-title\",\"meta_element\":\"div\",\"content_column_breakpoint\":\"m\",\"icon_width\":80,\"image_align\":\"top\",\"image_grid_width\":\"1-2\",\"image_grid_breakpoint\":\"m\",\"image_svg_color\":\"emphasis\",\"link_text\":\"Read more\",\"link_style\":\"default\",\"margin\":\"default\",\"slidenav_large\":false,\"slidenav_hover\":false,\"css\":\"@media (max-width: 1350px) {\\n\\t.el-element .uk-position-center-left-out {\\n        right: 90%;\\n    }\\n\\n    .el-element .uk-position-center-right-out {\\n        left: 90%;\\n    }    \\n}\\n\",\"slider_center\":false,\"text_align\":\"center\",\"image_height\":\"460\",\"image_width\":\"368\"},\"children\":[{\"type\":\"panel-slider_item\",\"props\":{\"title\":\"IMG_0661\",\"image\":\"wp-content\\\/uploads\\\/2021\\\/07\\\/IMG_0661-e1625238859574.jpg\"}},{\"type\":\"panel-slider_item\",\"props\":{\"title\":\"IMG_0650\",\"image\":\"wp-content\\\/uploads\\\/2021\\\/07\\\/IMG_0650.jpg\"}},{\"type\":\"panel-slider_item\",\"props\":{\"title\":\"IMG_0649\",\"image\":\"wp-content\\\/uploads\\\/2021\\\/07\\\/IMG_0649.jpg\"}},{\"type\":\"panel-slider_item\",\"props\":{\"title\":\"IMG_0645\",\"image\":\"wp-content\\\/uploads\\\/2021\\\/07\\\/IMG_0645.jpg\"}},{\"type\":\"panel-slider_item\",\"props\":{\"title\":\"IMG_0641\",\"image\":\"wp-content\\\/uploads\\\/2021\\\/07\\\/IMG_0641.jpg\"}},{\"type\":\"panel-slider_item\",\"props\":{\"title\":\"IMG_0636\",\"image\":\"wp-content\\\/uploads\\\/2021\\\/07\\\/IMG_0636.jpg\"}},{\"type\":\"panel-slider_item\",\"props\":{\"title\":\"IMG_0631\",\"image\":\"wp-content\\\/uploads\\\/2021\\\/07\\\/IMG_0631.jpg\"}},{\"type\":\"panel-slider_item\",\"props\":{\"title\":\"FE7D2511-969F-4EC5-A8DC-5B3D795919D4\",\"image\":\"wp-content\\\/uploads\\\/2021\\\/07\\\/FE7D2511-969F-4EC5-A8DC-5B3D795919D4.jpeg\"}},{\"type\":\"panel-slider_item\",\"props\":{\"title\":\"C57A2628-1B28-4C1A-9331-D713C6EFA36E\",\"image\":\"wp-content\\\/uploads\\\/2021\\\/07\\\/C57A2628-1B28-4C1A-9331-D713C6EFA36E.jpeg\"}},{\"type\":\"panel-slider_item\",\"props\":{\"title\":\"C3D9B98C-65DF-491B-85DA-EF7B266A28ED\",\"image\":\"wp-content\\\/uploads\\\/2021\\\/07\\\/C3D9B98C-65DF-491B-85DA-EF7B266A28ED.jpeg\"}},{\"type\":\"panel-slider_item\",\"props\":{\"title\":\"5DB44A6D-4846-448A-BD7E-19F7579E8A22\",\"image\":\"wp-content\\\/uploads\\\/2021\\\/07\\\/5DB44A6D-4846-448A-BD7E-19F7579E8A22.jpeg\"}},{\"type\":\"panel-slider_item\",\"props\":{\"title\":\"393297CA-DBB3-4D4F-A8E2-CDC1C1D5F3F9\",\"image\":\"wp-content\\\/uploads\\\/2021\\\/07\\\/393297CA-DBB3-4D4F-A8E2-CDC1C1D5F3F9.jpeg\"}},{\"type\":\"panel-slider_item\",\"props\":{\"title\":\"A279AD30-D9BD-47D5-AAB6-34A0DEAB979E\",\"image\":\"wp-content\\\/uploads\\\/2021\\\/07\\\/A279AD30-D9BD-47D5-AAB6-34A0DEAB979E.jpeg\"}},{\"type\":\"panel-slider_item\",\"props\":{\"title\":\"B301DFB3-9F71-4592-B7FB-DCDFBC82A4D7\",\"image\":\"wp-content\\\/uploads\\\/2021\\\/07\\\/B301DFB3-9F71-4592-B7FB-DCDFBC82A4D7.jpeg\"}}]}]}]}]}],\"version\":\"2.5.1\"} --><\/p>\n","protected":false},"excerpt":{"rendered":"<p>A space where stories are created. Jard.in Magnolia is ready to host and make your event a memorable moment. Whether in a more exclusive or open-access environment, we work to provide you with a truly unforgettable experience. IMG_0661 IMG_0650 IMG_0649 IMG_0645 IMG_0641 IMG_0636 IMG_0631 FE7D2511-969F-4EC5-A8DC-5B3D795919D4 C57A2628-1B28-4C1A-9331-D713C6EFA36E C3D9B98C-65DF-491B-85DA-EF7B266A28ED 5DB44A6D-4846-448A-BD7E-19F7579E8A22 393297CA-DBB3-4D4F-A8E2-CDC1C1D5F3F9 A279AD30-D9BD-47D5-AAB6-34A0DEAB979E B301DFB3-9F71-4592-B7FB-DCDFBC82A4D7<\/p>\n","protected":false},"author":10,"featured_media":0,"parent":0,"menu_order":0,"comment_status":"closed","ping_status":"closed","template":"","meta":{"_acf_changed":false,"footnotes":""},"class_list":["post-2386","page","type-page","status-publish","hentry"],"acf":[],"yoast_head":"<!-- This site is optimized with the Yoast SEO plugin v27.3 - https:\/\/yoast.com\/product\/yoast-seo-wordpress\/ -->\n<title>Portfolio - Jard.in Magn\u00f3lia | Food, Drinks and Green Vibes<\/title>\n<meta name=\"description\" content=\"Um espa\u00e7o onde se criam hist\u00f3rias. Seja num ambiente mais exclusivo ou de acesso livre, trabalhamos para lhe proporcionar uma experi\u00eancia verdadeiramente inesquec\u00edvel.\" \/>\n<meta name=\"robots\" content=\"index, follow, max-snippet:-1, max-image-preview:large, max-video-preview:-1\" \/>\n<link rel=\"canonical\" href=\"https:\/\/jardinmagnolia.pt\/en\/portfolio\/\" \/>\n<meta property=\"og:locale\" content=\"en_US\" \/>\n<meta property=\"og:type\" content=\"article\" \/>\n<meta property=\"og:title\" content=\"Portfolio - Jard.in Magn\u00f3lia | Food, Drinks and Green Vibes\" \/>\n<meta property=\"og:description\" content=\"Um espa\u00e7o onde se criam hist\u00f3rias. Seja num ambiente mais exclusivo ou de acesso livre, trabalhamos para lhe proporcionar uma experi\u00eancia verdadeiramente inesquec\u00edvel.\" \/>\n<meta property=\"og:url\" content=\"https:\/\/jardinmagnolia.pt\/en\/portfolio\/\" \/>\n<meta property=\"og:site_name\" content=\"Jard.in Magn\u00f3lia\" \/>\n<meta property=\"article:modified_time\" content=\"2021-11-05T09:44:02+00:00\" \/>\n<meta property=\"og:image\" content=\"https:\/\/jardinmagnolia.pt\/wp-content\/uploads\/2021\/07\/IMG_0661-e1625238859574.jpg\" \/>\n<meta name=\"twitter:card\" content=\"summary_large_image\" \/>\n<meta name=\"twitter:label1\" content=\"Est. reading time\" \/>\n\t<meta name=\"twitter:data1\" content=\"1 minute\" \/>\n<script type=\"application\/ld+json\" class=\"yoast-schema-graph\">{\"@context\":\"https:\\\/\\\/schema.org\",\"@graph\":[{\"@type\":\"WebPage\",\"@id\":\"https:\\\/\\\/jardinmagnolia.pt\\\/en\\\/portfolio\\\/\",\"url\":\"https:\\\/\\\/jardinmagnolia.pt\\\/en\\\/portfolio\\\/\",\"name\":\"Portfolio - Jard.in Magn\u00f3lia | Food, Drinks and Green Vibes\",\"isPartOf\":{\"@id\":\"https:\\\/\\\/jardinmagnolia.pt\\\/#website\"},\"datePublished\":\"2021-07-02T11:41:30+00:00\",\"dateModified\":\"2021-11-05T09:44:02+00:00\",\"description\":\"Um espa\u00e7o onde se criam hist\u00f3rias. Seja num ambiente mais exclusivo ou de acesso livre, trabalhamos para lhe proporcionar uma experi\u00eancia verdadeiramente inesquec\u00edvel.\",\"breadcrumb\":{\"@id\":\"https:\\\/\\\/jardinmagnolia.pt\\\/en\\\/portfolio\\\/#breadcrumb\"},\"inLanguage\":\"en-US\",\"potentialAction\":[{\"@type\":\"ReadAction\",\"target\":[\"https:\\\/\\\/jardinmagnolia.pt\\\/en\\\/portfolio\\\/\"]}]},{\"@type\":\"BreadcrumbList\",\"@id\":\"https:\\\/\\\/jardinmagnolia.pt\\\/en\\\/portfolio\\\/#breadcrumb\",\"itemListElement\":[{\"@type\":\"ListItem\",\"position\":1,\"name\":\"Home\",\"item\":\"https:\\\/\\\/jardinmagnolia.pt\\\/en\\\/\"},{\"@type\":\"ListItem\",\"position\":2,\"name\":\"Portfolio\"}]},{\"@type\":\"WebSite\",\"@id\":\"https:\\\/\\\/jardinmagnolia.pt\\\/#website\",\"url\":\"https:\\\/\\\/jardinmagnolia.pt\\\/\",\"name\":\"Jard.in Magn\u00f3lia\",\"description\":\"\",\"potentialAction\":[{\"@type\":\"SearchAction\",\"target\":{\"@type\":\"EntryPoint\",\"urlTemplate\":\"https:\\\/\\\/jardinmagnolia.pt\\\/?s={search_term_string}\"},\"query-input\":{\"@type\":\"PropertyValueSpecification\",\"valueRequired\":true,\"valueName\":\"search_term_string\"}}],\"inLanguage\":\"en-US\"}]}<\/script>\n<!-- \/ Yoast SEO plugin. -->","yoast_head_json":{"title":"Portfolio - Jard.in Magn\u00f3lia | Food, Drinks and Green Vibes","description":"Um espa\u00e7o onde se criam hist\u00f3rias. Seja num ambiente mais exclusivo ou de acesso livre, trabalhamos para lhe proporcionar uma experi\u00eancia verdadeiramente inesquec\u00edvel.","robots":{"index":"index","follow":"follow","max-snippet":"max-snippet:-1","max-image-preview":"max-image-preview:large","max-video-preview":"max-video-preview:-1"},"canonical":"https:\/\/jardinmagnolia.pt\/en\/portfolio\/","og_locale":"en_US","og_type":"article","og_title":"Portfolio - Jard.in Magn\u00f3lia | Food, Drinks and Green Vibes","og_description":"Um espa\u00e7o onde se criam hist\u00f3rias. Seja num ambiente mais exclusivo ou de acesso livre, trabalhamos para lhe proporcionar uma experi\u00eancia verdadeiramente inesquec\u00edvel.","og_url":"https:\/\/jardinmagnolia.pt\/en\/portfolio\/","og_site_name":"Jard.in Magn\u00f3lia","article_modified_time":"2021-11-05T09:44:02+00:00","og_image":[{"url":"https:\/\/jardinmagnolia.pt\/wp-content\/uploads\/2021\/07\/IMG_0661-e1625238859574.jpg","type":"","width":"","height":""}],"twitter_card":"summary_large_image","twitter_misc":{"Est. reading time":"1 minute"},"schema":{"@context":"https:\/\/schema.org","@graph":[{"@type":"WebPage","@id":"https:\/\/jardinmagnolia.pt\/en\/portfolio\/","url":"https:\/\/jardinmagnolia.pt\/en\/portfolio\/","name":"Portfolio - Jard.in Magn\u00f3lia | Food, Drinks and Green Vibes","isPartOf":{"@id":"https:\/\/jardinmagnolia.pt\/#website"},"datePublished":"2021-07-02T11:41:30+00:00","dateModified":"2021-11-05T09:44:02+00:00","description":"Um espa\u00e7o onde se criam hist\u00f3rias. Seja num ambiente mais exclusivo ou de acesso livre, trabalhamos para lhe proporcionar uma experi\u00eancia verdadeiramente inesquec\u00edvel.","breadcrumb":{"@id":"https:\/\/jardinmagnolia.pt\/en\/portfolio\/#breadcrumb"},"inLanguage":"en-US","potentialAction":[{"@type":"ReadAction","target":["https:\/\/jardinmagnolia.pt\/en\/portfolio\/"]}]},{"@type":"BreadcrumbList","@id":"https:\/\/jardinmagnolia.pt\/en\/portfolio\/#breadcrumb","itemListElement":[{"@type":"ListItem","position":1,"name":"Home","item":"https:\/\/jardinmagnolia.pt\/en\/"},{"@type":"ListItem","position":2,"name":"Portfolio"}]},{"@type":"WebSite","@id":"https:\/\/jardinmagnolia.pt\/#website","url":"https:\/\/jardinmagnolia.pt\/","name":"Jard.in Magn\u00f3lia","description":"","potentialAction":[{"@type":"SearchAction","target":{"@type":"EntryPoint","urlTemplate":"https:\/\/jardinmagnolia.pt\/?s={search_term_string}"},"query-input":{"@type":"PropertyValueSpecification","valueRequired":true,"valueName":"search_term_string"}}],"inLanguage":"en-US"}]}},"_links":{"self":[{"href":"https:\/\/jardinmagnolia.pt\/en\/wp-json\/wp\/v2\/pages\/2386","targetHints":{"allow":["GET"]}}],"collection":[{"href":"https:\/\/jardinmagnolia.pt\/en\/wp-json\/wp\/v2\/pages"}],"about":[{"href":"https:\/\/jardinmagnolia.pt\/en\/wp-json\/wp\/v2\/types\/page"}],"author":[{"embeddable":true,"href":"https:\/\/jardinmagnolia.pt\/en\/wp-json\/wp\/v2\/users\/10"}],"replies":[{"embeddable":true,"href":"https:\/\/jardinmagnolia.pt\/en\/wp-json\/wp\/v2\/comments?post=2386"}],"version-history":[{"count":4,"href":"https:\/\/jardinmagnolia.pt\/en\/wp-json\/wp\/v2\/pages\/2386\/revisions"}],"predecessor-version":[{"id":2398,"href":"https:\/\/jardinmagnolia.pt\/en\/wp-json\/wp\/v2\/pages\/2386\/revisions\/2398"}],"wp:attachment":[{"href":"https:\/\/jardinmagnolia.pt\/en\/wp-json\/wp\/v2\/media?parent=2386"}],"curies":[{"name":"wp","href":"https:\/\/api.w.org\/{rel}","templated":true}]}}