{"id":2392,"date":"2021-07-02T11:15:44","date_gmt":"2021-07-02T11:15:44","guid":{"rendered":"https:\/\/jardinmagnolia.pt\/contacto\/"},"modified":"2021-11-16T14:45:30","modified_gmt":"2021-11-16T14:45:30","slug":"contacto","status":"publish","type":"page","link":"https:\/\/jardinmagnolia.pt\/en\/contacto\/","title":{"rendered":"Contact Us"},"content":{"rendered":"<h2>Jard.in Magn\u00f3lia<\/h2>\n<div>\n<p>Address: Quinta Magn\u00f3lia, Rua Dr. Pita na. 10. 9000-089 Funchal<br \/>Phone: <a href=\"tel:+351967063166\" target=\"_blank\" rel=\"noopener\">+351\u00a0967 063 166<\/a><\/p>\n<\/div>\n<h4>Fill in the form and we will get in touch with you shortly.<\/h4>\n<p><!--more--><br \/>\n<!-- {\"type\":\"layout\",\"children\":[{\"type\":\"section\",\"props\":{\"style\":\"default\",\"width\":\"\",\"vertical_align\":\"middle\",\"title_position\":\"top-left\",\"title_rotation\":\"left\",\"title_breakpoint\":\"xl\",\"image_position\":\"center-center\",\"image\":\"\",\"padding\":\"none\"},\"children\":[{\"type\":\"row\",\"children\":[{\"type\":\"column\",\"props\":{\"image_position\":\"center-center\",\"media_overlay_gradient\":\"\",\"image\":\"wp-content\\\/uploads\\\/2021\\\/07\\\/bar-min.png\",\"vertical_align\":\"middle\",\"css\":\".el-column { min-height: 60vh; }\"},\"children\":[{\"type\":\"headline\",\"props\":{\"title_element\":\"h2\",\"title_color\":\"secondary\",\"content\":\"Jard.in Magn\\u00f3lia\",\"title_style\":\"heading-medium\",\"text_align\":\"center\",\"css\":\".el-element {\\n \\ttext-shadow: 0px 3px 6px #000000A7;  \\n}\"}}]}]}],\"modified\":\"2021-07-05T09:52:10.154Z\",\"name\":\"main section\"},{\"type\":\"section\",\"props\":{\"style\":\"default\",\"width\":\"default\",\"vertical_align\":\"middle\",\"title_position\":\"top-left\",\"title_rotation\":\"left\",\"title_breakpoint\":\"xl\",\"image_position\":\"center-center\"},\"children\":[{\"type\":\"row\",\"children\":[{\"type\":\"column\",\"props\":{\"image_position\":\"center-center\",\"media_overlay_gradient\":\"\"},\"children\":[{\"type\":\"text\",\"props\":{\"margin\":\"default\",\"column_breakpoint\":\"m\",\"content\":\"\n\n<p>Address: Quinta Magn\\u00f3lia, Rua Dr. Pita na. 10. 9000-089 Funchal<br \\\/>Phone: <a href=\\\"tel:+351967063166\\\" target=\\\"_blank\\\" rel=\\\"noopener\\\">+351\\u00a0967 063 166<\\\/a><\\\/p>\",\"margin_remove_top\":true}}]}]},{\"type\":\"row\",\"children\":[{\"type\":\"column\",\"props\":{\"image_position\":\"center-center\",\"media_overlay_gradient\":\"\"},\"children\":[{\"type\":\"headline\",\"props\":{\"title_element\":\"h4\",\"content\":\"Fill in the form and we will get in touch with you shortly.\",\"margin\":\"medium\",\"css\":\".el-element {\\n \\tcolor: #4D5D56;\\n}\"}},{\"type\":\"module_position\",\"props\":{\"layout\":\"stack\",\"breakpoint\":\"m\",\"content\":\"builder-2\"}}]}]}]}],\"version\":\"2.5.1\"} --><\/p>\n","protected":false},"excerpt":{"rendered":"<p>Jard.in Magn\u00f3lia Address: Quinta Magn\u00f3lia, Rua Dr. Pita na. 10. 9000-089 FunchalPhone: +351\u00a0967 063 166 Fill in the form and we will get in touch with you shortly.<\/p>\n","protected":false},"author":10,"featured_media":0,"parent":0,"menu_order":0,"comment_status":"closed","ping_status":"closed","template":"","meta":{"_acf_changed":false,"footnotes":""},"class_list":["post-2392","page","type-page","status-publish","hentry"],"acf":[],"yoast_head":"<!-- This site is optimized with the Yoast SEO plugin v27.3 - https:\/\/yoast.com\/product\/yoast-seo-wordpress\/ -->\n<title>Contact Us - Jard.in Magn\u00f3lia<\/title>\n<meta name=\"robots\" content=\"index, follow, max-snippet:-1, max-image-preview:large, max-video-preview:-1\" \/>\n<link rel=\"canonical\" href=\"https:\/\/jardinmagnolia.pt\/en\/contacto\/\" \/>\n<meta property=\"og:locale\" content=\"en_US\" \/>\n<meta property=\"og:type\" content=\"article\" \/>\n<meta property=\"og:title\" content=\"Contact Us - Jard.in Magn\u00f3lia\" \/>\n<meta property=\"og:description\" content=\"Jard.in Magn\u00f3lia Address: Quinta Magn\u00f3lia, Rua Dr. Pita na. 10. 9000-089 FunchalPhone: +351\u00a0967 063 166 Fill in the form and we will get in touch with you shortly.\" \/>\n<meta property=\"og:url\" content=\"https:\/\/jardinmagnolia.pt\/en\/contacto\/\" \/>\n<meta property=\"og:site_name\" content=\"Jard.in Magn\u00f3lia\" \/>\n<meta property=\"article:modified_time\" content=\"2021-11-16T14:45:30+00:00\" \/>\n<meta name=\"twitter:card\" content=\"summary_large_image\" \/>\n<script type=\"application\/ld+json\" class=\"yoast-schema-graph\">{\"@context\":\"https:\\\/\\\/schema.org\",\"@graph\":[{\"@type\":\"WebPage\",\"@id\":\"https:\\\/\\\/jardinmagnolia.pt\\\/en\\\/contacto\\\/\",\"url\":\"https:\\\/\\\/jardinmagnolia.pt\\\/en\\\/contacto\\\/\",\"name\":\"Contact Us - Jard.in Magn\u00f3lia\",\"isPartOf\":{\"@id\":\"https:\\\/\\\/jardinmagnolia.pt\\\/#website\"},\"datePublished\":\"2021-07-02T11:15:44+00:00\",\"dateModified\":\"2021-11-16T14:45:30+00:00\",\"breadcrumb\":{\"@id\":\"https:\\\/\\\/jardinmagnolia.pt\\\/en\\\/contacto\\\/#breadcrumb\"},\"inLanguage\":\"en-US\",\"potentialAction\":[{\"@type\":\"ReadAction\",\"target\":[\"https:\\\/\\\/jardinmagnolia.pt\\\/en\\\/contacto\\\/\"]}]},{\"@type\":\"BreadcrumbList\",\"@id\":\"https:\\\/\\\/jardinmagnolia.pt\\\/en\\\/contacto\\\/#breadcrumb\",\"itemListElement\":[{\"@type\":\"ListItem\",\"position\":1,\"name\":\"Home\",\"item\":\"https:\\\/\\\/jardinmagnolia.pt\\\/en\\\/\"},{\"@type\":\"ListItem\",\"position\":2,\"name\":\"Contact Us\"}]},{\"@type\":\"WebSite\",\"@id\":\"https:\\\/\\\/jardinmagnolia.pt\\\/#website\",\"url\":\"https:\\\/\\\/jardinmagnolia.pt\\\/\",\"name\":\"Jard.in Magn\u00f3lia\",\"description\":\"\",\"potentialAction\":[{\"@type\":\"SearchAction\",\"target\":{\"@type\":\"EntryPoint\",\"urlTemplate\":\"https:\\\/\\\/jardinmagnolia.pt\\\/?s={search_term_string}\"},\"query-input\":{\"@type\":\"PropertyValueSpecification\",\"valueRequired\":true,\"valueName\":\"search_term_string\"}}],\"inLanguage\":\"en-US\"}]}<\/script>\n<!-- \/ Yoast SEO plugin. -->","yoast_head_json":{"title":"Contact Us - Jard.in Magn\u00f3lia","robots":{"index":"index","follow":"follow","max-snippet":"max-snippet:-1","max-image-preview":"max-image-preview:large","max-video-preview":"max-video-preview:-1"},"canonical":"https:\/\/jardinmagnolia.pt\/en\/contacto\/","og_locale":"en_US","og_type":"article","og_title":"Contact Us - Jard.in Magn\u00f3lia","og_description":"Jard.in Magn\u00f3lia Address: Quinta Magn\u00f3lia, Rua Dr. Pita na. 10. 9000-089 FunchalPhone: +351\u00a0967 063 166 Fill in the form and we will get in touch with you shortly.","og_url":"https:\/\/jardinmagnolia.pt\/en\/contacto\/","og_site_name":"Jard.in Magn\u00f3lia","article_modified_time":"2021-11-16T14:45:30+00:00","twitter_card":"summary_large_image","schema":{"@context":"https:\/\/schema.org","@graph":[{"@type":"WebPage","@id":"https:\/\/jardinmagnolia.pt\/en\/contacto\/","url":"https:\/\/jardinmagnolia.pt\/en\/contacto\/","name":"Contact Us - Jard.in Magn\u00f3lia","isPartOf":{"@id":"https:\/\/jardinmagnolia.pt\/#website"},"datePublished":"2021-07-02T11:15:44+00:00","dateModified":"2021-11-16T14:45:30+00:00","breadcrumb":{"@id":"https:\/\/jardinmagnolia.pt\/en\/contacto\/#breadcrumb"},"inLanguage":"en-US","potentialAction":[{"@type":"ReadAction","target":["https:\/\/jardinmagnolia.pt\/en\/contacto\/"]}]},{"@type":"BreadcrumbList","@id":"https:\/\/jardinmagnolia.pt\/en\/contacto\/#breadcrumb","itemListElement":[{"@type":"ListItem","position":1,"name":"Home","item":"https:\/\/jardinmagnolia.pt\/en\/"},{"@type":"ListItem","position":2,"name":"Contact Us"}]},{"@type":"WebSite","@id":"https:\/\/jardinmagnolia.pt\/#website","url":"https:\/\/jardinmagnolia.pt\/","name":"Jard.in Magn\u00f3lia","description":"","potentialAction":[{"@type":"SearchAction","target":{"@type":"EntryPoint","urlTemplate":"https:\/\/jardinmagnolia.pt\/?s={search_term_string}"},"query-input":{"@type":"PropertyValueSpecification","valueRequired":true,"valueName":"search_term_string"}}],"inLanguage":"en-US"}]}},"_links":{"self":[{"href":"https:\/\/jardinmagnolia.pt\/en\/wp-json\/wp\/v2\/pages\/2392","targetHints":{"allow":["GET"]}}],"collection":[{"href":"https:\/\/jardinmagnolia.pt\/en\/wp-json\/wp\/v2\/pages"}],"about":[{"href":"https:\/\/jardinmagnolia.pt\/en\/wp-json\/wp\/v2\/types\/page"}],"author":[{"embeddable":true,"href":"https:\/\/jardinmagnolia.pt\/en\/wp-json\/wp\/v2\/users\/10"}],"replies":[{"embeddable":true,"href":"https:\/\/jardinmagnolia.pt\/en\/wp-json\/wp\/v2\/comments?post=2392"}],"version-history":[{"count":4,"href":"https:\/\/jardinmagnolia.pt\/en\/wp-json\/wp\/v2\/pages\/2392\/revisions"}],"predecessor-version":[{"id":2435,"href":"https:\/\/jardinmagnolia.pt\/en\/wp-json\/wp\/v2\/pages\/2392\/revisions\/2435"}],"wp:attachment":[{"href":"https:\/\/jardinmagnolia.pt\/en\/wp-json\/wp\/v2\/media?parent=2392"}],"curies":[{"name":"wp","href":"https:\/\/api.w.org\/{rel}","templated":true}]}}